{"id":4232,"date":"2025-09-19T11:46:52","date_gmt":"2025-09-19T17:46:52","guid":{"rendered":"https:\/\/www.indomito360.com\/?page_id=4232"},"modified":"2026-02-10T12:39:47","modified_gmt":"2026-02-10T18:39:47","slug":"blog-1","status":"publish","type":"page","link":"https:\/\/www.indomito360.com\/en\/blog-1\/","title":{"rendered":"Blog"},"content":{"rendered":"\t\t<div data-elementor-type=\"wp-page\" data-elementor-id=\"4232\" class=\"elementor elementor-4232\" data-elementor-post-type=\"page\">\n\t\t\t\t<div class=\"elementor-element elementor-element-cd2bbb8 e-flex e-con-boxed e-con e-parent\" data-id=\"cd2bbb8\" data-element_type=\"container\" data-e-type=\"container\" data-settings=\"{&quot;background_background&quot;:&quot;classic&quot;,&quot;background_motion_fx_motion_fx_scrolling&quot;:&quot;yes&quot;,&quot;background_motion_fx_translateY_effect&quot;:&quot;yes&quot;,&quot;background_motion_fx_translateY_direction&quot;:&quot;negative&quot;,&quot;background_motion_fx_translateY_speed&quot;:{&quot;unit&quot;:&quot;px&quot;,&quot;size&quot;:5,&quot;sizes&quot;:[]},&quot;background_motion_fx_motion_fx_mouse&quot;:&quot;yes&quot;,&quot;background_motion_fx_translateY_affectedRange&quot;:{&quot;unit&quot;:&quot;%&quot;,&quot;size&quot;:&quot;&quot;,&quot;sizes&quot;:{&quot;start&quot;:0,&quot;end&quot;:100}},&quot;background_motion_fx_devices&quot;:[&quot;widescreen&quot;,&quot;desktop&quot;,&quot;tablet&quot;,&quot;mobile&quot;]}\">\n\t\t\t\t\t<div class=\"e-con-inner\">\n\t\t\t\t<div class=\"elementor-element elementor-element-ae88133 elementor-invisible elementor-widget elementor-widget-heading\" data-id=\"ae88133\" data-element_type=\"widget\" data-e-type=\"widget\" data-settings=\"{&quot;_animation&quot;:&quot;slideInDown&quot;}\" data-widget_type=\"heading.default\">\n\t\t\t\t<div class=\"elementor-widget-container\">\n\t\t\t\t\t<h2 class=\"elementor-heading-title elementor-size-default\">BLOG<\/h2>\t\t\t\t<\/div>\n\t\t\t\t<\/div>\n\t\t\t\t\t<\/div>\n\t\t\t\t<\/div>\n\t\t<div class=\"elementor-element elementor-element-d10fb57 e-flex e-con-boxed e-con e-parent\" data-id=\"d10fb57\" data-element_type=\"container\" data-e-type=\"container\">\n\t\t\t\t\t<div class=\"e-con-inner\">\n\t\t\t\t<div class=\"elementor-element elementor-element-aa92fc5 elementor-widget elementor-widget-spacer\" data-id=\"aa92fc5\" data-element_type=\"widget\" data-e-type=\"widget\" data-widget_type=\"spacer.default\">\n\t\t\t\t<div class=\"elementor-widget-container\">\n\t\t\t\t\t\t\t<div class=\"elementor-spacer\">\n\t\t\t<div class=\"elementor-spacer-inner\"><\/div>\n\t\t<\/div>\n\t\t\t\t\t\t<\/div>\n\t\t\t\t<\/div>\n\t\t\t\t\t<\/div>\n\t\t\t\t<\/div>\n\t\t<div class=\"elementor-element elementor-element-31712c5 e-flex e-con-boxed e-con e-parent\" data-id=\"31712c5\" data-element_type=\"container\" data-e-type=\"container\">\n\t\t\t\t\t<div class=\"e-con-inner\">\n\t\t\t\t<div class=\"elementor-element elementor-element-0ee7267 premium-blog-align-left elementor-widget elementor-widget-premium-addon-blog\" data-id=\"0ee7267\" data-element_type=\"widget\" data-e-type=\"widget\" data-settings=\"{&quot;force_height&quot;:&quot;true&quot;,&quot;premium_blog_columns_number&quot;:&quot;25%&quot;,&quot;premium_blog_grid&quot;:&quot;yes&quot;,&quot;premium_blog_layout&quot;:&quot;even&quot;,&quot;premium_blog_columns_number_tablet&quot;:&quot;50%&quot;,&quot;premium_blog_columns_number_mobile&quot;:&quot;100%&quot;}\" data-widget_type=\"premium-addon-blog.default\">\n\t\t\t\t<div class=\"elementor-widget-container\">\n\t\t\t\t\t\n\t\t\n\n\t\t\t\t<div class=\"premium-blog-wrap  premium-blog-even\" data-page=\"4232\">\n\t\t\t\t\t\t\t\t\t<div class=\"premium-blog-post-outer-container\" data-total=\"1\">\n\t\t\t<div class=\"premium-blog-post-container premium-blog-skin-cards\">\n\t\t\t\t\t\t\t\t\t<div class=\"premium-blog-thumb-effect-wrapper\">\n\t\t\t\t\t\t<div class=\"premium-blog-thumbnail-container premium-blog-zoomin-effect\">\n\t\t\t\t\t\t\t\t\t\t\t<a href=\"https:\/\/www.indomito360.com\/en\/tour-isla-espiritu-santo-lujo-naturaleza\/\" target=\"_blank\">\n\t\t\t\t<img decoding=\"async\" src=\"https:\/\/www.indomito360.com\/wp-content\/uploads\/elementor\/thumbs\/DSC08467-rf1l7tfhdqhsnrsewpqqykoyn3y6m0cd6x3aiimysg.jpg\" title=\"DSC08467\" alt=\"DSC08467\" loading=\"lazy\" \/>\t\t\t\t<\/a>\n\t\t\t\t\t\t\t\t\t\t<\/div>\n\t\t\t\t\t\t\t\t\t\t\t\t\t<div class=\"premium-blog-effect-container premium-blog-framed-effect\">\n\t\t\t\t\t\t\t\t<a class=\"premium-blog-post-link\" href=\"https:\/\/www.indomito360.com\/en\/tour-isla-espiritu-santo-lujo-naturaleza\/\" target=\"_blank\"><span>El lujo en la naturaleza: explorando en un Tour a la Isla Esp\u00edritu Santo<\/span><\/a>\n\t\t\t\t\t\t\t\t\t\t\t\t\t\t\t<\/div>\n\t\t\t\t\t\t\t\t\t\t\t<\/div>\n\t\t\t\t\t\t\t\t\t\t\t\t\t\t\t\t\t\t\t<div class=\"premium-blog-author-thumbnail\">\n\t\t\t\t\t\t\t<img alt='Diego Cervantes Ponce' src='https:\/\/www.indomito360.com\/wp-content\/litespeed\/avatar\/d9cd7456545057dd972353fbb1a10503.jpg?ver=1777318932' srcset='https:\/\/www.indomito360.com\/wp-content\/litespeed\/avatar\/7de8e41434b80f7463b246d356bc2e5d.jpg?ver=1777318932 2x' class='avatar avatar-128 photo' height='128' width='128' \/>\t\t\t\t\t\t<\/div>\n\t\t\t\t\t\t\t\t\t\t\t\t\t<div class=\"premium-blog-content-wrapper \">\n\n\t\t\t\t\t<div class=\"premium-blog-inner-container\">\n\n\t\t\t\t\t\t\t\t\t\t\t\t\t\t<h2 class=\"premium-blog-entry-title\">\n\t\t\t<a href=\"https:\/\/www.indomito360.com\/en\/tour-isla-espiritu-santo-lujo-naturaleza\/\" target=\"_blank\">\n\t\t\t\tEl lujo en la naturaleza: explorando en un Tour a la Isla Esp\u00edritu Santo\t\t\t<\/a>\n\t\t<\/h2>\n\t\t\n\t\t\t\t\t<\/div>\n\n\t\t\t\t\t\t\t<div class=\"premium-blog-content-inner-wrapper\">\n\t\t<p class=\"premium-blog-post-content\">El lujo en la naturaleza: explorando en un Tour a la Isla Esp\u00edritu Santo \u00bfBuscas una experiencia \u00fanica en La Paz, Baja \u2026<\/p>\t\t<\/div>\n\t\t\t\t<div class=\"premium-blog-entry-meta\">\n\t\t\t\n\t\t\t\n\t\t\t\n\t\t\t\t\t<\/div>\n\t\t\t\t\t\t\t\n\t\t\t\t<\/div>\n\t\t\t<\/div>\n\t\t<\/div>\n\n\t\t\t\t<div class=\"premium-blog-post-outer-container\" data-total=\"1\">\n\t\t\t<div class=\"premium-blog-post-container premium-blog-skin-cards\">\n\t\t\t\t\t\t\t\t\t<div class=\"premium-blog-thumb-effect-wrapper\">\n\t\t\t\t\t\t<div class=\"premium-blog-thumbnail-container premium-blog-zoomin-effect\">\n\t\t\t\t\t\t\t\t\t\t\t<a href=\"https:\/\/www.indomito360.com\/en\/fauna-unica-baja-california-sur\/\" target=\"_blank\">\n\t\t\t\t<img decoding=\"async\" src=\"https:\/\/www.indomito360.com\/wp-content\/uploads\/elementor\/thumbs\/2016-02-04-16.59.13-2-riq5iadgxz4hu7455a0kytif6nftig8r674yzpeh7k.jpg\" title=\"2016-02-04 16.59.13 (2)\" alt=\"2016-02-04 16.59.13 (2)\" loading=\"lazy\" \/>\t\t\t\t<\/a>\n\t\t\t\t\t\t\t\t\t\t<\/div>\n\t\t\t\t\t\t\t\t\t\t\t\t\t<div class=\"premium-blog-effect-container premium-blog-framed-effect\">\n\t\t\t\t\t\t\t\t<a class=\"premium-blog-post-link\" href=\"https:\/\/www.indomito360.com\/en\/fauna-unica-baja-california-sur\/\" target=\"_blank\"><span>Gu\u00eda de los animales de Baja California Sur: especies que no encontrar\u00e1s en ning\u00fan otro lugar<\/span><\/a>\n\t\t\t\t\t\t\t\t\t\t\t\t\t\t\t<\/div>\n\t\t\t\t\t\t\t\t\t\t\t<\/div>\n\t\t\t\t\t\t\t\t\t\t\t\t\t\t\t\t\t\t\t<div class=\"premium-blog-author-thumbnail\">\n\t\t\t\t\t\t\t<img alt='Diego Cervantes Ponce' src='https:\/\/www.indomito360.com\/wp-content\/litespeed\/avatar\/d9cd7456545057dd972353fbb1a10503.jpg?ver=1777318932' srcset='https:\/\/www.indomito360.com\/wp-content\/litespeed\/avatar\/7de8e41434b80f7463b246d356bc2e5d.jpg?ver=1777318932 2x' class='avatar avatar-128 photo' height='128' width='128' \/>\t\t\t\t\t\t<\/div>\n\t\t\t\t\t\t\t\t\t\t\t\t\t<div class=\"premium-blog-content-wrapper \">\n\n\t\t\t\t\t<div class=\"premium-blog-inner-container\">\n\n\t\t\t\t\t\t\t\t\t\t\t\t\t\t<h2 class=\"premium-blog-entry-title\">\n\t\t\t<a href=\"https:\/\/www.indomito360.com\/en\/fauna-unica-baja-california-sur\/\" target=\"_blank\">\n\t\t\t\tGu\u00eda de los animales de Baja California Sur: especies que no encontrar\u00e1s en ning\u00fan otro lugar\t\t\t<\/a>\n\t\t<\/h2>\n\t\t\n\t\t\t\t\t<\/div>\n\n\t\t\t\t\t\t\t<div class=\"premium-blog-content-inner-wrapper\">\n\t\t<p class=\"premium-blog-post-content\">Gu\u00eda de animales end\u00e9micos de Baja California Sur Los animales de Baja California Sur son un tesoro viviente que refleja el impresionante \u2026<\/p>\t\t<\/div>\n\t\t\t\t<div class=\"premium-blog-entry-meta\">\n\t\t\t\n\t\t\t\n\t\t\t\n\t\t\t\t\t<\/div>\n\t\t\t\t\t\t\t\n\t\t\t\t<\/div>\n\t\t\t<\/div>\n\t\t<\/div>\n\n\t\t\t\t<div class=\"premium-blog-post-outer-container\" data-total=\"1\">\n\t\t\t<div class=\"premium-blog-post-container premium-blog-skin-cards\">\n\t\t\t\t\t\t\t\t\t<div class=\"premium-blog-thumb-effect-wrapper\">\n\t\t\t\t\t\t<div class=\"premium-blog-thumbnail-container premium-blog-zoomin-effect\">\n\t\t\t\t\t\t\t\t\t\t\t<a href=\"https:\/\/www.indomito360.com\/en\/biodiversidad-bahia-magdalena\/\" target=\"_blank\">\n\t\t\t\t<img decoding=\"async\" src=\"https:\/\/www.indomito360.com\/wp-content\/uploads\/elementor\/thumbs\/DSC00684-scaled-rdcnh6l9xu68wouoaztch1r5cdvbybiourrdrx45uo.jpg\" title=\"DSC00684\" alt=\"DSC00684\" loading=\"lazy\" \/>\t\t\t\t<\/a>\n\t\t\t\t\t\t\t\t\t\t<\/div>\n\t\t\t\t\t\t\t\t\t\t\t\t\t<div class=\"premium-blog-effect-container premium-blog-framed-effect\">\n\t\t\t\t\t\t\t\t<a class=\"premium-blog-post-link\" href=\"https:\/\/www.indomito360.com\/en\/biodiversidad-bahia-magdalena\/\" target=\"_blank\"><span>La Biodiversidad de Bah\u00eda Magdalena en Baja California Sur, M\u00e9xico y Su Importancia para el Ecosistema Mexicano<\/span><\/a>\n\t\t\t\t\t\t\t\t\t\t\t\t\t\t\t<\/div>\n\t\t\t\t\t\t\t\t\t\t\t<\/div>\n\t\t\t\t\t\t\t\t\t\t\t\t\t\t\t\t\t\t\t<div class=\"premium-blog-author-thumbnail\">\n\t\t\t\t\t\t\t<img alt='Diego Cervantes Ponce' src='https:\/\/www.indomito360.com\/wp-content\/litespeed\/avatar\/d9cd7456545057dd972353fbb1a10503.jpg?ver=1777318932' srcset='https:\/\/www.indomito360.com\/wp-content\/litespeed\/avatar\/7de8e41434b80f7463b246d356bc2e5d.jpg?ver=1777318932 2x' class='avatar avatar-128 photo' height='128' width='128' \/>\t\t\t\t\t\t<\/div>\n\t\t\t\t\t\t\t\t\t\t\t\t\t<div class=\"premium-blog-content-wrapper \">\n\n\t\t\t\t\t<div class=\"premium-blog-inner-container\">\n\n\t\t\t\t\t\t\t\t\t\t\t\t\t\t<h2 class=\"premium-blog-entry-title\">\n\t\t\t<a href=\"https:\/\/www.indomito360.com\/en\/biodiversidad-bahia-magdalena\/\" target=\"_blank\">\n\t\t\t\tLa Biodiversidad de Bah\u00eda Magdalena en Baja California Sur, M\u00e9xico y Su Importancia para el Ecosistema Mexicano\t\t\t<\/a>\n\t\t<\/h2>\n\t\t\n\t\t\t\t\t<\/div>\n\n\t\t\t\t\t\t\t<div class=\"premium-blog-content-inner-wrapper\">\n\t\t<p class=\"premium-blog-post-content\">Bah\u00eda Magdalena: Un ecosistema vital en M\u00e9xico Ubicada en la costa del Pac\u00edfico al sur de la pen\u00ednsula de Baja California, Bah\u00eda \u2026<\/p>\t\t<\/div>\n\t\t\t\t<div class=\"premium-blog-entry-meta\">\n\t\t\t\n\t\t\t\n\t\t\t\n\t\t\t\t\t<\/div>\n\t\t\t\t\t\t\t\n\t\t\t\t<\/div>\n\t\t\t<\/div>\n\t\t<\/div>\n\n\t\t\t\t<div class=\"premium-blog-post-outer-container\" data-total=\"1\">\n\t\t\t<div class=\"premium-blog-post-container premium-blog-skin-cards\">\n\t\t\t\t\t\t\t\t\t<div class=\"premium-blog-thumb-effect-wrapper\">\n\t\t\t\t\t\t<div class=\"premium-blog-thumbnail-container premium-blog-zoomin-effect\">\n\t\t\t\t\t\t\t\t\t\t\t<a href=\"https:\/\/www.indomito360.com\/en\/ballena-gris-bahia-magdalena\/\" target=\"_blank\">\n\t\t\t\t<img decoding=\"async\" src=\"https:\/\/www.indomito360.com\/wp-content\/uploads\/elementor\/thumbs\/DSC00992-1-2-2-scaled-riylfq3gl74kgg2fu9vojab2rwhnpnzl5a5g34fan4.jpg\" title=\"DSC00992 (1)-2-2\" alt=\"DSC00992 (1)-2-2\" loading=\"lazy\" \/>\t\t\t\t<\/a>\n\t\t\t\t\t\t\t\t\t\t<\/div>\n\t\t\t\t\t\t\t\t\t\t\t\t\t<div class=\"premium-blog-effect-container premium-blog-framed-effect\">\n\t\t\t\t\t\t\t\t<a class=\"premium-blog-post-link\" href=\"https:\/\/www.indomito360.com\/en\/ballena-gris-bahia-magdalena\/\" target=\"_blank\"><span>Bah\u00eda Magdalena: hogar de la ballena gris, la gran viajera del oc\u00e9ano<\/span><\/a>\n\t\t\t\t\t\t\t\t\t\t\t\t\t\t\t<\/div>\n\t\t\t\t\t\t\t\t\t\t\t<\/div>\n\t\t\t\t\t\t\t\t\t\t\t\t\t\t\t\t\t\t\t<div class=\"premium-blog-author-thumbnail\">\n\t\t\t\t\t\t\t<img alt='Diego Cervantes Ponce' src='https:\/\/www.indomito360.com\/wp-content\/litespeed\/avatar\/d9cd7456545057dd972353fbb1a10503.jpg?ver=1777318932' srcset='https:\/\/www.indomito360.com\/wp-content\/litespeed\/avatar\/7de8e41434b80f7463b246d356bc2e5d.jpg?ver=1777318932 2x' class='avatar avatar-128 photo' height='128' width='128' \/>\t\t\t\t\t\t<\/div>\n\t\t\t\t\t\t\t\t\t\t\t\t\t<div class=\"premium-blog-content-wrapper \">\n\n\t\t\t\t\t<div class=\"premium-blog-inner-container\">\n\n\t\t\t\t\t\t\t\t\t\t\t\t\t\t<h2 class=\"premium-blog-entry-title\">\n\t\t\t<a href=\"https:\/\/www.indomito360.com\/en\/ballena-gris-bahia-magdalena\/\" target=\"_blank\">\n\t\t\t\tBah\u00eda Magdalena: hogar de la ballena gris, la gran viajera del oc\u00e9ano\t\t\t<\/a>\n\t\t<\/h2>\n\t\t\n\t\t\t\t\t<\/div>\n\n\t\t\t\t\t\t\t<div class=\"premium-blog-content-inner-wrapper\">\n\t\t<p class=\"premium-blog-post-content\">Bah\u00eda Magdalena: Hogar de la ballena gris La gran viajera del oc\u00e9ano Cada invierno, Baja California Sur se convierte en el final \u2026<\/p>\t\t<\/div>\n\t\t\t\t<div class=\"premium-blog-entry-meta\">\n\t\t\t\n\t\t\t\n\t\t\t\n\t\t\t\t\t<\/div>\n\t\t\t\t\t\t\t\n\t\t\t\t<\/div>\n\t\t\t<\/div>\n\t\t<\/div>\n\n\t\t\t\t\t\t\t<\/div>\n\n\t\t\n\t\t\n\t\t\t\t\t\t<\/div>\n\t\t\t\t<\/div>\n\t\t\t\t\t<\/div>\n\t\t\t\t<\/div>\n\t\t\t\t<\/div>\n\t\t","protected":false},"excerpt":{"rendered":"<p>BLOG El lujo en la naturaleza: explorando en un Tour a la Isla Esp\u00edritu Santo El lujo en la naturaleza: explorando en un Tour a la Isla Esp\u00edritu Santo El lujo en la naturaleza: explorando en un Tour a la Isla Esp\u00edritu Santo \u00bfBuscas una experiencia \u00fanica en La Paz, Baja \u2026 Gu\u00eda de los [&hellip;]<\/p>\n","protected":false},"author":3,"featured_media":4572,"parent":0,"menu_order":0,"comment_status":"closed","ping_status":"closed","template":"","meta":{"_acf_changed":false,"footnotes":""},"class_list":["post-4232","page","type-page","status-publish","has-post-thumbnail","hentry"],"acf":[],"yoast_head":"<!-- This site is optimized with the Yoast SEO plugin v27.5 - https:\/\/yoast.com\/product\/yoast-seo-wordpress\/ -->\n<title>Blog - Indomito<\/title>\n<meta name=\"robots\" content=\"index, follow, max-snippet:-1, max-image-preview:large, max-video-preview:-1\" \/>\n<link rel=\"canonical\" href=\"https:\/\/www.indomito360.com\/en\/blog-1\/\" \/>\n<meta property=\"og:locale\" content=\"en_US\" \/>\n<meta property=\"og:type\" content=\"article\" \/>\n<meta property=\"og:title\" content=\"Blog - Indomito\" \/>\n<meta property=\"og:description\" content=\"BLOG El lujo en la naturaleza: explorando en un Tour a la Isla Esp\u00edritu Santo El lujo en la naturaleza: explorando en un Tour a la Isla Esp\u00edritu Santo El lujo en la naturaleza: explorando en un Tour a la Isla Esp\u00edritu Santo \u00bfBuscas una experiencia \u00fanica en La Paz, Baja \u2026 Gu\u00eda de los [&hellip;]\" \/>\n<meta property=\"og:url\" content=\"https:\/\/www.indomito360.com\/en\/blog-1\/\" \/>\n<meta property=\"og:site_name\" content=\"Indomito\" \/>\n<meta property=\"article:modified_time\" content=\"2026-02-10T18:39:47+00:00\" \/>\n<meta property=\"og:image\" content=\"https:\/\/www.indomito360.com\/wp-content\/uploads\/2025\/11\/DSC03038-1-e1762452956574.jpg\" \/>\n\t<meta property=\"og:image:width\" content=\"1707\" \/>\n\t<meta property=\"og:image:height\" content=\"1446\" \/>\n\t<meta property=\"og:image:type\" content=\"image\/jpeg\" \/>\n<meta name=\"twitter:card\" content=\"summary_large_image\" \/>\n<meta name=\"twitter:label1\" content=\"Est. reading time\" \/>\n\t<meta name=\"twitter:data1\" content=\"3 minutes\" \/>\n<script type=\"application\/ld+json\" class=\"yoast-schema-graph\">{\"@context\":\"https:\\\/\\\/schema.org\",\"@graph\":[{\"@type\":\"WebPage\",\"@id\":\"https:\\\/\\\/www.indomito360.com\\\/blog-1\\\/\",\"url\":\"https:\\\/\\\/www.indomito360.com\\\/blog-1\\\/\",\"name\":\"Blog - Indomito\",\"isPartOf\":{\"@id\":\"https:\\\/\\\/www.indomito360.com\\\/#website\"},\"primaryImageOfPage\":{\"@id\":\"https:\\\/\\\/www.indomito360.com\\\/blog-1\\\/#primaryimage\"},\"image\":{\"@id\":\"https:\\\/\\\/www.indomito360.com\\\/blog-1\\\/#primaryimage\"},\"thumbnailUrl\":\"https:\\\/\\\/www.indomito360.com\\\/wp-content\\\/uploads\\\/2025\\\/11\\\/DSC03038-1-e1762452956574.jpg\",\"datePublished\":\"2025-09-19T17:46:52+00:00\",\"dateModified\":\"2026-02-10T18:39:47+00:00\",\"breadcrumb\":{\"@id\":\"https:\\\/\\\/www.indomito360.com\\\/blog-1\\\/#breadcrumb\"},\"inLanguage\":\"en-US\",\"potentialAction\":[{\"@type\":\"ReadAction\",\"target\":[\"https:\\\/\\\/www.indomito360.com\\\/blog-1\\\/\"]}]},{\"@type\":\"ImageObject\",\"inLanguage\":\"en-US\",\"@id\":\"https:\\\/\\\/www.indomito360.com\\\/blog-1\\\/#primaryimage\",\"url\":\"https:\\\/\\\/www.indomito360.com\\\/wp-content\\\/uploads\\\/2025\\\/11\\\/DSC03038-1-e1762452956574.jpg\",\"contentUrl\":\"https:\\\/\\\/www.indomito360.com\\\/wp-content\\\/uploads\\\/2025\\\/11\\\/DSC03038-1-e1762452956574.jpg\",\"width\":1707,\"height\":1446},{\"@type\":\"BreadcrumbList\",\"@id\":\"https:\\\/\\\/www.indomito360.com\\\/blog-1\\\/#breadcrumb\",\"itemListElement\":[{\"@type\":\"ListItem\",\"position\":1,\"name\":\"Inicio\",\"item\":\"https:\\\/\\\/www.indomito360.com\\\/\"},{\"@type\":\"ListItem\",\"position\":2,\"name\":\"Blog\"}]},{\"@type\":\"WebSite\",\"@id\":\"https:\\\/\\\/www.indomito360.com\\\/#website\",\"url\":\"https:\\\/\\\/www.indomito360.com\\\/\",\"name\":\"Indomito\",\"description\":\"Embrace Adventure\",\"publisher\":{\"@id\":\"https:\\\/\\\/www.indomito360.com\\\/#organization\"},\"potentialAction\":[{\"@type\":\"SearchAction\",\"target\":{\"@type\":\"EntryPoint\",\"urlTemplate\":\"https:\\\/\\\/www.indomito360.com\\\/?s={search_term_string}\"},\"query-input\":{\"@type\":\"PropertyValueSpecification\",\"valueRequired\":true,\"valueName\":\"search_term_string\"}}],\"inLanguage\":\"en-US\"},{\"@type\":\"Organization\",\"@id\":\"https:\\\/\\\/www.indomito360.com\\\/#organization\",\"name\":\"Indomito\",\"url\":\"https:\\\/\\\/www.indomito360.com\\\/\",\"logo\":{\"@type\":\"ImageObject\",\"inLanguage\":\"en-US\",\"@id\":\"https:\\\/\\\/www.indomito360.com\\\/#\\\/schema\\\/logo\\\/image\\\/\",\"url\":\"https:\\\/\\\/www.indomito360.com\\\/wp-content\\\/uploads\\\/2025\\\/10\\\/organization-logo-256.png\",\"contentUrl\":\"https:\\\/\\\/www.indomito360.com\\\/wp-content\\\/uploads\\\/2025\\\/10\\\/organization-logo-256.png\",\"width\":256,\"height\":256,\"caption\":\"Indomito\"},\"image\":{\"@id\":\"https:\\\/\\\/www.indomito360.com\\\/#\\\/schema\\\/logo\\\/image\\\/\"}}]}<\/script>\n<!-- \/ Yoast SEO plugin. -->","yoast_head_json":{"title":"Blog - Indomito","robots":{"index":"index","follow":"follow","max-snippet":"max-snippet:-1","max-image-preview":"max-image-preview:large","max-video-preview":"max-video-preview:-1"},"canonical":"https:\/\/www.indomito360.com\/en\/blog-1\/","og_locale":"en_US","og_type":"article","og_title":"Blog - Indomito","og_description":"BLOG El lujo en la naturaleza: explorando en un Tour a la Isla Esp\u00edritu Santo El lujo en la naturaleza: explorando en un Tour a la Isla Esp\u00edritu Santo El lujo en la naturaleza: explorando en un Tour a la Isla Esp\u00edritu Santo \u00bfBuscas una experiencia \u00fanica en La Paz, Baja \u2026 Gu\u00eda de los [&hellip;]","og_url":"https:\/\/www.indomito360.com\/en\/blog-1\/","og_site_name":"Indomito","article_modified_time":"2026-02-10T18:39:47+00:00","og_image":[{"width":1707,"height":1446,"url":"https:\/\/www.indomito360.com\/wp-content\/uploads\/2025\/11\/DSC03038-1-e1762452956574.jpg","type":"image\/jpeg"}],"twitter_card":"summary_large_image","twitter_misc":{"Est. reading time":"3 minutes"},"schema":{"@context":"https:\/\/schema.org","@graph":[{"@type":"WebPage","@id":"https:\/\/www.indomito360.com\/blog-1\/","url":"https:\/\/www.indomito360.com\/blog-1\/","name":"Blog - Indomito","isPartOf":{"@id":"https:\/\/www.indomito360.com\/#website"},"primaryImageOfPage":{"@id":"https:\/\/www.indomito360.com\/blog-1\/#primaryimage"},"image":{"@id":"https:\/\/www.indomito360.com\/blog-1\/#primaryimage"},"thumbnailUrl":"https:\/\/www.indomito360.com\/wp-content\/uploads\/2025\/11\/DSC03038-1-e1762452956574.jpg","datePublished":"2025-09-19T17:46:52+00:00","dateModified":"2026-02-10T18:39:47+00:00","breadcrumb":{"@id":"https:\/\/www.indomito360.com\/blog-1\/#breadcrumb"},"inLanguage":"en-US","potentialAction":[{"@type":"ReadAction","target":["https:\/\/www.indomito360.com\/blog-1\/"]}]},{"@type":"ImageObject","inLanguage":"en-US","@id":"https:\/\/www.indomito360.com\/blog-1\/#primaryimage","url":"https:\/\/www.indomito360.com\/wp-content\/uploads\/2025\/11\/DSC03038-1-e1762452956574.jpg","contentUrl":"https:\/\/www.indomito360.com\/wp-content\/uploads\/2025\/11\/DSC03038-1-e1762452956574.jpg","width":1707,"height":1446},{"@type":"BreadcrumbList","@id":"https:\/\/www.indomito360.com\/blog-1\/#breadcrumb","itemListElement":[{"@type":"ListItem","position":1,"name":"Inicio","item":"https:\/\/www.indomito360.com\/"},{"@type":"ListItem","position":2,"name":"Blog"}]},{"@type":"WebSite","@id":"https:\/\/www.indomito360.com\/#website","url":"https:\/\/www.indomito360.com\/","name":"Indomito","description":"Embrace Adventure","publisher":{"@id":"https:\/\/www.indomito360.com\/#organization"},"potentialAction":[{"@type":"SearchAction","target":{"@type":"EntryPoint","urlTemplate":"https:\/\/www.indomito360.com\/?s={search_term_string}"},"query-input":{"@type":"PropertyValueSpecification","valueRequired":true,"valueName":"search_term_string"}}],"inLanguage":"en-US"},{"@type":"Organization","@id":"https:\/\/www.indomito360.com\/#organization","name":"Indomito","url":"https:\/\/www.indomito360.com\/","logo":{"@type":"ImageObject","inLanguage":"en-US","@id":"https:\/\/www.indomito360.com\/#\/schema\/logo\/image\/","url":"https:\/\/www.indomito360.com\/wp-content\/uploads\/2025\/10\/organization-logo-256.png","contentUrl":"https:\/\/www.indomito360.com\/wp-content\/uploads\/2025\/10\/organization-logo-256.png","width":256,"height":256,"caption":"Indomito"},"image":{"@id":"https:\/\/www.indomito360.com\/#\/schema\/logo\/image\/"}}]}},"_hostinger_reach_plugin_has_subscription_block":false,"_hostinger_reach_plugin_is_elementor":false,"_links":{"self":[{"href":"https:\/\/www.indomito360.com\/en\/wp-json\/wp\/v2\/pages\/4232","targetHints":{"allow":["GET"]}}],"collection":[{"href":"https:\/\/www.indomito360.com\/en\/wp-json\/wp\/v2\/pages"}],"about":[{"href":"https:\/\/www.indomito360.com\/en\/wp-json\/wp\/v2\/types\/page"}],"author":[{"embeddable":true,"href":"https:\/\/www.indomito360.com\/en\/wp-json\/wp\/v2\/users\/3"}],"replies":[{"embeddable":true,"href":"https:\/\/www.indomito360.com\/en\/wp-json\/wp\/v2\/comments?post=4232"}],"version-history":[{"count":27,"href":"https:\/\/www.indomito360.com\/en\/wp-json\/wp\/v2\/pages\/4232\/revisions"}],"predecessor-version":[{"id":5069,"href":"https:\/\/www.indomito360.com\/en\/wp-json\/wp\/v2\/pages\/4232\/revisions\/5069"}],"wp:featuredmedia":[{"embeddable":true,"href":"https:\/\/www.indomito360.com\/en\/wp-json\/wp\/v2\/media\/4572"}],"wp:attachment":[{"href":"https:\/\/www.indomito360.com\/en\/wp-json\/wp\/v2\/media?parent=4232"}],"curies":[{"name":"wp","href":"https:\/\/api.w.org\/{rel}","templated":true}]}}