{"id":478,"date":"2024-10-12T02:09:41","date_gmt":"2024-10-12T02:09:41","guid":{"rendered":"https:\/\/www.indomito360.com\/?page_id=478"},"modified":"2025-04-20T10:51:12","modified_gmt":"2025-04-20T16:51:12","slug":"expedicion-o-excursion","status":"publish","type":"page","link":"https:\/\/www.indomito360.com\/en\/expedicion-o-excursion\/","title":{"rendered":"Expedici\u00f3n o excursi\u00f3n"},"content":{"rendered":"\t\t<div data-elementor-type=\"wp-page\" data-elementor-id=\"478\" class=\"elementor elementor-478\" data-elementor-post-type=\"page\">\n\t\t\t\t<div class=\"elementor-element elementor-element-3dc27fe8 e-flex e-con-boxed e-con e-parent\" data-id=\"3dc27fe8\" data-element_type=\"container\" data-e-type=\"container\" data-settings=\"{&quot;background_background&quot;:&quot;classic&quot;,&quot;background_motion_fx_motion_fx_scrolling&quot;:&quot;yes&quot;,&quot;background_motion_fx_translateY_effect&quot;:&quot;yes&quot;,&quot;background_motion_fx_translateY_direction&quot;:&quot;negative&quot;,&quot;background_motion_fx_translateY_speed&quot;:{&quot;unit&quot;:&quot;px&quot;,&quot;size&quot;:5,&quot;sizes&quot;:[]},&quot;background_motion_fx_motion_fx_mouse&quot;:&quot;yes&quot;,&quot;background_motion_fx_translateY_affectedRange&quot;:{&quot;unit&quot;:&quot;%&quot;,&quot;size&quot;:&quot;&quot;,&quot;sizes&quot;:{&quot;start&quot;:0,&quot;end&quot;:100}},&quot;background_motion_fx_devices&quot;:[&quot;widescreen&quot;,&quot;desktop&quot;,&quot;tablet&quot;,&quot;mobile&quot;]}\">\n\t\t\t\t\t<div class=\"e-con-inner\">\n\t\t\t\t<div class=\"elementor-element elementor-element-a2fd501 elementor-invisible elementor-widget elementor-widget-heading\" data-id=\"a2fd501\" data-element_type=\"widget\" data-e-type=\"widget\" data-settings=\"{&quot;_animation&quot;:&quot;slideInDown&quot;}\" data-widget_type=\"heading.default\">\n\t\t\t\t<div class=\"elementor-widget-container\">\n\t\t\t\t\t<h2 class=\"elementor-heading-title elementor-size-default\">\u00bfExpedici\u00f3n o excursi\u00f3n?<\/h2>\t\t\t\t<\/div>\n\t\t\t\t<\/div>\n\t\t\t\t\t<\/div>\n\t\t\t\t<\/div>\n\t\t<div class=\"elementor-element elementor-element-a1f59d9 e-flex e-con-boxed e-con e-parent\" data-id=\"a1f59d9\" data-element_type=\"container\" data-e-type=\"container\" data-settings=\"{&quot;background_background&quot;:&quot;classic&quot;}\">\n\t\t\t\t\t<div class=\"e-con-inner\">\n\t\t<div class=\"elementor-element elementor-element-838cb6c e-con-full e-flex e-con e-child\" data-id=\"838cb6c\" data-element_type=\"container\" data-e-type=\"container\">\n\t\t\t\t<div class=\"elementor-element elementor-element-e357271 elementor-widget elementor-widget-image\" data-id=\"e357271\" data-element_type=\"widget\" data-e-type=\"widget\" data-widget_type=\"image.default\">\n\t\t\t\t<div class=\"elementor-widget-container\">\n\t\t\t\t\t\t\t\t\t\t\t\t\t\t\t<img fetchpriority=\"high\" decoding=\"async\" width=\"2560\" height=\"1707\" src=\"https:\/\/www.indomito360.com\/wp-content\/uploads\/2025\/04\/DSC08023-scaled.jpg\" class=\"attachment-full size-full wp-image-3267\" alt=\"\" srcset=\"https:\/\/www.indomito360.com\/wp-content\/uploads\/2025\/04\/DSC08023-scaled.jpg 2560w, https:\/\/www.indomito360.com\/wp-content\/uploads\/2025\/04\/DSC08023-300x200.jpg 300w, https:\/\/www.indomito360.com\/wp-content\/uploads\/2025\/04\/DSC08023-1024x683.jpg 1024w, https:\/\/www.indomito360.com\/wp-content\/uploads\/2025\/04\/DSC08023-768x512.jpg 768w, https:\/\/www.indomito360.com\/wp-content\/uploads\/2025\/04\/DSC08023-1536x1024.jpg 1536w, https:\/\/www.indomito360.com\/wp-content\/uploads\/2025\/04\/DSC08023-2048x1365.jpg 2048w, https:\/\/www.indomito360.com\/wp-content\/uploads\/2025\/04\/DSC08023-18x12.jpg 18w\" sizes=\"(max-width: 2560px) 100vw, 2560px\" \/>\t\t\t\t\t\t\t\t\t\t\t\t\t\t\t<\/div>\n\t\t\t\t<\/div>\n\t\t\t\t<\/div>\n\t\t<div class=\"elementor-element elementor-element-5b20e83 e-con-full e-flex e-con e-child\" data-id=\"5b20e83\" data-element_type=\"container\" data-e-type=\"container\">\n\t\t\t\t<div class=\"elementor-element elementor-element-8c10cf5 elementor-widget elementor-widget-heading\" data-id=\"8c10cf5\" data-element_type=\"widget\" data-e-type=\"widget\" data-widget_type=\"heading.default\">\n\t\t\t\t<div class=\"elementor-widget-container\">\n\t\t\t\t\t<h2 class=\"elementor-heading-title elementor-size-default\">Expedici\u00f3n<\/h2>\t\t\t\t<\/div>\n\t\t\t\t<\/div>\n\t\t\t\t<div class=\"elementor-element elementor-element-cf46e78 elementor-widget elementor-widget-text-editor\" data-id=\"cf46e78\" data-element_type=\"widget\" data-e-type=\"widget\" data-widget_type=\"text-editor.default\">\n\t\t\t\t<div class=\"elementor-widget-container\">\n\t\t\t\t\t\t\t\t\t<p>El modo expedici\u00f3n es aventura pura.<\/p><p>En esta modalidad cargamos todo lo necesario en nuestros kayaks: alimentos, ropa, equipo y bebidas.<\/p><p>Despu\u00e9s de remar, unimos fuerzas y, entre todas y todos, montamos el campamento, armamos la cocina y preparamos deliciosos platillos locales.<\/p>\t\t\t\t\t\t\t\t<\/div>\n\t\t\t\t<\/div>\n\t\t\t\t<div class=\"elementor-element elementor-element-a7aa6c2 elementor-align-left elementor-widget elementor-widget-button\" data-id=\"a7aa6c2\" data-element_type=\"widget\" data-e-type=\"widget\" data-widget_type=\"button.default\">\n\t\t\t\t<div class=\"elementor-widget-container\">\n\t\t\t\t\t\t\t\t\t<div class=\"elementor-button-wrapper\">\n\t\t\t\t\t<a class=\"elementor-button elementor-button-link elementor-size-sm\" href=\"https:\/\/www.indomito360.com\/en\/nuestras-experiencias\/\">\n\t\t\t\t\t\t<span class=\"elementor-button-content-wrapper\">\n\t\t\t\t\t\t\t\t\t<span class=\"elementor-button-text\">Mira las experiencias<\/span>\n\t\t\t\t\t<\/span>\n\t\t\t\t\t<\/a>\n\t\t\t\t<\/div>\n\t\t\t\t\t\t\t\t<\/div>\n\t\t\t\t<\/div>\n\t\t\t\t<\/div>\n\t\t\t\t\t<\/div>\n\t\t\t\t<\/div>\n\t\t<div class=\"elementor-element elementor-element-7fa9524 e-flex e-con-boxed e-con e-parent\" data-id=\"7fa9524\" data-element_type=\"container\" data-e-type=\"container\" data-settings=\"{&quot;background_background&quot;:&quot;classic&quot;}\">\n\t\t\t\t\t<div class=\"e-con-inner\">\n\t\t<div class=\"elementor-element elementor-element-81061eb e-con-full e-flex e-con e-child\" data-id=\"81061eb\" data-element_type=\"container\" data-e-type=\"container\">\n\t\t\t\t<div class=\"elementor-element elementor-element-8a2fc94 elementor-widget elementor-widget-heading\" data-id=\"8a2fc94\" data-element_type=\"widget\" data-e-type=\"widget\" data-widget_type=\"heading.default\">\n\t\t\t\t<div class=\"elementor-widget-container\">\n\t\t\t\t\t<h2 class=\"elementor-heading-title elementor-size-default\">excursi\u00f3n<\/h2>\t\t\t\t<\/div>\n\t\t\t\t<\/div>\n\t\t\t\t<div class=\"elementor-element elementor-element-f79588b elementor-widget elementor-widget-text-editor\" data-id=\"f79588b\" data-element_type=\"widget\" data-e-type=\"widget\" data-widget_type=\"text-editor.default\">\n\t\t\t\t<div class=\"elementor-widget-container\">\n\t\t\t\t\t\t\t\t\t<p>En nuestro modo excursi\u00f3n, cada detalle del viaje est\u00e1 cubierto.\u00a0<\/p><p>Tu \u00fanica tarea ser\u00e1\u00a0<span style=\"color: var( --e-global-color-945fbba ); text-align: var(--text-align);\">remar de una playa a otra y montar tu casa de campa\u00f1a, mientras que nosotros nos\u00a0<\/span><span style=\"color: var( --e-global-color-945fbba ); text-align: var(--text-align);\">encargamos del resto. En cada playa, te esperar\u00e1 comida, bebidas fr\u00edas, la sombra\u00a0<\/span><span style=\"color: var( --e-global-color-945fbba ); text-align: var(--text-align);\">y una cocina montada.\u00a0<\/span><\/p><p><span style=\"color: var( --e-global-color-945fbba ); text-align: var(--text-align);\">Adem\u00e1s, contamos con una lancha de apoyo para cargar el\u00a0<\/span><span style=\"color: var( --e-global-color-945fbba ); text-align: var(--text-align);\">equipo y un cocinero que se encargar\u00e1 de ofrecerte los mejores platillos de la isla.<\/span><\/p>\t\t\t\t\t\t\t\t<\/div>\n\t\t\t\t<\/div>\n\t\t\t\t<div class=\"elementor-element elementor-element-b230ff9 elementor-align-left elementor-widget elementor-widget-button\" data-id=\"b230ff9\" data-element_type=\"widget\" data-e-type=\"widget\" data-widget_type=\"button.default\">\n\t\t\t\t<div class=\"elementor-widget-container\">\n\t\t\t\t\t\t\t\t\t<div class=\"elementor-button-wrapper\">\n\t\t\t\t\t<a class=\"elementor-button elementor-button-link elementor-size-sm\" href=\"https:\/\/www.indomito360.com\/en\/nuestras-experiencias\/\">\n\t\t\t\t\t\t<span class=\"elementor-button-content-wrapper\">\n\t\t\t\t\t\t\t\t\t<span class=\"elementor-button-text\">Mira las experiencias<\/span>\n\t\t\t\t\t<\/span>\n\t\t\t\t\t<\/a>\n\t\t\t\t<\/div>\n\t\t\t\t\t\t\t\t<\/div>\n\t\t\t\t<\/div>\n\t\t\t\t<\/div>\n\t\t<div class=\"elementor-element elementor-element-2058695 e-con-full e-flex e-con e-child\" data-id=\"2058695\" data-element_type=\"container\" data-e-type=\"container\">\n\t\t\t\t<div class=\"elementor-element elementor-element-09073fe elementor-widget elementor-widget-image\" data-id=\"09073fe\" data-element_type=\"widget\" data-e-type=\"widget\" data-widget_type=\"image.default\">\n\t\t\t\t<div class=\"elementor-widget-container\">\n\t\t\t\t\t\t\t\t\t\t\t\t\t\t\t<img decoding=\"async\" width=\"2560\" height=\"1700\" src=\"https:\/\/www.indomito360.com\/wp-content\/uploads\/2024\/10\/D200903310007-scaled.jpg\" class=\"attachment-full size-full wp-image-385\" alt=\"\" srcset=\"https:\/\/www.indomito360.com\/wp-content\/uploads\/2024\/10\/D200903310007-scaled.jpg 2560w, https:\/\/www.indomito360.com\/wp-content\/uploads\/2024\/10\/D200903310007-300x199.jpg 300w, https:\/\/www.indomito360.com\/wp-content\/uploads\/2024\/10\/D200903310007-1024x680.jpg 1024w, https:\/\/www.indomito360.com\/wp-content\/uploads\/2024\/10\/D200903310007-768x510.jpg 768w, https:\/\/www.indomito360.com\/wp-content\/uploads\/2024\/10\/D200903310007-1536x1020.jpg 1536w, https:\/\/www.indomito360.com\/wp-content\/uploads\/2024\/10\/D200903310007-2048x1360.jpg 2048w\" sizes=\"(max-width: 2560px) 100vw, 2560px\" \/>\t\t\t\t\t\t\t\t\t\t\t\t\t\t\t<\/div>\n\t\t\t\t<\/div>\n\t\t\t\t<\/div>\n\t\t\t\t\t<\/div>\n\t\t\t\t<\/div>\n\t\t<div class=\"elementor-element elementor-element-0dcf428 e-con-full e-flex e-con e-parent\" data-id=\"0dcf428\" data-element_type=\"container\" data-e-type=\"container\">\n\t\t\t\t<div class=\"elementor-element elementor-element-f73fe11 elementor-widget elementor-widget-gallery\" data-id=\"f73fe11\" data-element_type=\"widget\" data-e-type=\"widget\" data-settings=\"{&quot;columns&quot;:3,&quot;gap&quot;:{&quot;unit&quot;:&quot;px&quot;,&quot;size&quot;:0,&quot;sizes&quot;:[]},&quot;columns_mobile&quot;:2,&quot;gap_tablet&quot;:{&quot;unit&quot;:&quot;px&quot;,&quot;size&quot;:0,&quot;sizes&quot;:[]},&quot;gap_mobile&quot;:{&quot;unit&quot;:&quot;px&quot;,&quot;size&quot;:0,&quot;sizes&quot;:[]},&quot;image_hover_animation&quot;:&quot;grow&quot;,&quot;background_overlay_hover_animation&quot;:&quot;enter-zoom-in&quot;,&quot;gallery_layout&quot;:&quot;grid&quot;,&quot;columns_tablet&quot;:2,&quot;gap_widescreen&quot;:{&quot;unit&quot;:&quot;px&quot;,&quot;size&quot;:&quot;&quot;,&quot;sizes&quot;:[]},&quot;link_to&quot;:&quot;file&quot;,&quot;aspect_ratio&quot;:&quot;3:2&quot;,&quot;overlay_background&quot;:&quot;yes&quot;}\" data-widget_type=\"gallery.default\">\n\t\t\t\t<div class=\"elementor-widget-container\">\n\t\t\t\t\t\t\t<div class=\"elementor-gallery__container\">\n\t\t\t\t\t\t\t<a class=\"e-gallery-item elementor-gallery-item elementor-animated-content\" href=\"https:\/\/www.indomito360.com\/wp-content\/uploads\/2024\/10\/DSC07907-scaled.jpg\" data-elementor-open-lightbox=\"yes\" data-elementor-lightbox-slideshow=\"f73fe11\" data-elementor-lightbox-title=\"DSC07907\" data-e-action-hash=\"#elementor-action%3Aaction%3Dlightbox%26settings%3DeyJpZCI6MzkwLCJ1cmwiOiJodHRwczpcL1wvd3d3LmluZG9taXRvMzYwLmNvbVwvd3AtY29udGVudFwvdXBsb2Fkc1wvMjAyNFwvMTBcL0RTQzA3OTA3LXNjYWxlZC5qcGciLCJzbGlkZXNob3ciOiJmNzNmZTExIn0%3D\">\n\t\t\t\t\t<div class=\"e-gallery-image elementor-gallery-item__image\" data-thumbnail=\"https:\/\/www.indomito360.com\/wp-content\/uploads\/2024\/10\/DSC07907-1024x683.jpg\" data-width=\"800\" data-height=\"534\" aria-label=\"\" role=\"img\" ><\/div>\n\t\t\t\t\t\t\t\t\t\t\t<div class=\"elementor-gallery-item__overlay\"><\/div>\n\t\t\t\t\t\t\t\t\t\t\t\t\t\t<\/a>\n\t\t\t\t\t\t\t<a class=\"e-gallery-item elementor-gallery-item elementor-animated-content\" href=\"https:\/\/www.indomito360.com\/wp-content\/uploads\/2024\/10\/D200903310256-scaled.jpg\" data-elementor-open-lightbox=\"yes\" data-elementor-lightbox-slideshow=\"f73fe11\" data-elementor-lightbox-title=\"D200903310256\" data-e-action-hash=\"#elementor-action%3Aaction%3Dlightbox%26settings%3DeyJpZCI6Mzc3LCJ1cmwiOiJodHRwczpcL1wvd3d3LmluZG9taXRvMzYwLmNvbVwvd3AtY29udGVudFwvdXBsb2Fkc1wvMjAyNFwvMTBcL0QyMDA5MDMzMTAyNTYtc2NhbGVkLmpwZyIsInNsaWRlc2hvdyI6ImY3M2ZlMTEifQ%3D%3D\">\n\t\t\t\t\t<div class=\"e-gallery-image elementor-gallery-item__image\" data-thumbnail=\"https:\/\/www.indomito360.com\/wp-content\/uploads\/2024\/10\/D200903310256-1024x680.jpg\" data-width=\"800\" data-height=\"531\" aria-label=\"\" role=\"img\" ><\/div>\n\t\t\t\t\t\t\t\t\t\t\t<div class=\"elementor-gallery-item__overlay\"><\/div>\n\t\t\t\t\t\t\t\t\t\t\t\t\t\t<\/a>\n\t\t\t\t\t\t\t<a class=\"e-gallery-item elementor-gallery-item elementor-animated-content\" href=\"https:\/\/www.indomito360.com\/wp-content\/uploads\/2024\/10\/DSC06748-scaled.jpg\" data-elementor-open-lightbox=\"yes\" data-elementor-lightbox-slideshow=\"f73fe11\" data-elementor-lightbox-title=\"DSC06748\" data-e-action-hash=\"#elementor-action%3Aaction%3Dlightbox%26settings%3DeyJpZCI6Mzg5LCJ1cmwiOiJodHRwczpcL1wvd3d3LmluZG9taXRvMzYwLmNvbVwvd3AtY29udGVudFwvdXBsb2Fkc1wvMjAyNFwvMTBcL0RTQzA2NzQ4LXNjYWxlZC5qcGciLCJzbGlkZXNob3ciOiJmNzNmZTExIn0%3D\">\n\t\t\t\t\t<div class=\"e-gallery-image elementor-gallery-item__image\" data-thumbnail=\"https:\/\/www.indomito360.com\/wp-content\/uploads\/2024\/10\/DSC06748-1024x683.jpg\" data-width=\"800\" data-height=\"534\" aria-label=\"\" role=\"img\" ><\/div>\n\t\t\t\t\t\t\t\t\t\t\t<div class=\"elementor-gallery-item__overlay\"><\/div>\n\t\t\t\t\t\t\t\t\t\t\t\t\t\t<\/a>\n\t\t\t\t\t\t\t<a class=\"e-gallery-item elementor-gallery-item elementor-animated-content\" href=\"https:\/\/www.indomito360.com\/wp-content\/uploads\/2024\/10\/D201011230046-scaled.jpg\" data-elementor-open-lightbox=\"yes\" data-elementor-lightbox-slideshow=\"f73fe11\" data-elementor-lightbox-title=\"D201011230046\" data-e-action-hash=\"#elementor-action%3Aaction%3Dlightbox%26settings%3DeyJpZCI6Mzg2LCJ1cmwiOiJodHRwczpcL1wvd3d3LmluZG9taXRvMzYwLmNvbVwvd3AtY29udGVudFwvdXBsb2Fkc1wvMjAyNFwvMTBcL0QyMDEwMTEyMzAwNDYtc2NhbGVkLmpwZyIsInNsaWRlc2hvdyI6ImY3M2ZlMTEifQ%3D%3D\">\n\t\t\t\t\t<div class=\"e-gallery-image elementor-gallery-item__image\" data-thumbnail=\"https:\/\/www.indomito360.com\/wp-content\/uploads\/2024\/10\/D201011230046-1024x680.jpg\" data-width=\"800\" data-height=\"531\" aria-label=\"\" role=\"img\" ><\/div>\n\t\t\t\t\t\t\t\t\t\t\t<div class=\"elementor-gallery-item__overlay\"><\/div>\n\t\t\t\t\t\t\t\t\t\t\t\t\t\t<\/a>\n\t\t\t\t\t\t\t<a class=\"e-gallery-item elementor-gallery-item elementor-animated-content\" href=\"https:\/\/www.indomito360.com\/wp-content\/uploads\/2024\/10\/IMG_0073-scaled.jpg\" data-elementor-open-lightbox=\"yes\" data-elementor-lightbox-slideshow=\"f73fe11\" data-elementor-lightbox-title=\"IMG_0073\" data-e-action-hash=\"#elementor-action%3Aaction%3Dlightbox%26settings%3DeyJpZCI6MzkxLCJ1cmwiOiJodHRwczpcL1wvd3d3LmluZG9taXRvMzYwLmNvbVwvd3AtY29udGVudFwvdXBsb2Fkc1wvMjAyNFwvMTBcL0lNR18wMDczLXNjYWxlZC5qcGciLCJzbGlkZXNob3ciOiJmNzNmZTExIn0%3D\">\n\t\t\t\t\t<div class=\"e-gallery-image elementor-gallery-item__image\" data-thumbnail=\"https:\/\/www.indomito360.com\/wp-content\/uploads\/2024\/10\/IMG_0073-1024x683.jpg\" data-width=\"800\" data-height=\"534\" aria-label=\"\" role=\"img\" ><\/div>\n\t\t\t\t\t\t\t\t\t\t\t<div class=\"elementor-gallery-item__overlay\"><\/div>\n\t\t\t\t\t\t\t\t\t\t\t\t\t\t<\/a>\n\t\t\t\t\t\t\t<a class=\"e-gallery-item elementor-gallery-item elementor-animated-content\" href=\"https:\/\/www.indomito360.com\/wp-content\/uploads\/2024\/10\/IMG_0202-1-scaled.jpg\" data-elementor-open-lightbox=\"yes\" data-elementor-lightbox-slideshow=\"f73fe11\" data-elementor-lightbox-title=\"IMG_0202\" data-e-action-hash=\"#elementor-action%3Aaction%3Dlightbox%26settings%3DeyJpZCI6MzkyLCJ1cmwiOiJodHRwczpcL1wvd3d3LmluZG9taXRvMzYwLmNvbVwvd3AtY29udGVudFwvdXBsb2Fkc1wvMjAyNFwvMTBcL0lNR18wMjAyLTEtc2NhbGVkLmpwZyIsInNsaWRlc2hvdyI6ImY3M2ZlMTEifQ%3D%3D\">\n\t\t\t\t\t<div class=\"e-gallery-image elementor-gallery-item__image\" data-thumbnail=\"https:\/\/www.indomito360.com\/wp-content\/uploads\/2024\/10\/IMG_0202-1-1024x683.jpg\" data-width=\"800\" data-height=\"534\" aria-label=\"\" role=\"img\" ><\/div>\n\t\t\t\t\t\t\t\t\t\t\t<div class=\"elementor-gallery-item__overlay\"><\/div>\n\t\t\t\t\t\t\t\t\t\t\t\t\t\t<\/a>\n\t\t\t\t\t<\/div>\n\t\t\t\t\t<\/div>\n\t\t\t\t<\/div>\n\t\t\t\t<\/div>\n\t\t\t\t<\/div>\n\t\t","protected":false},"excerpt":{"rendered":"<p>\u00bfExpedici\u00f3n o excursi\u00f3n? Expedici\u00f3n El modo expedici\u00f3n es aventura pura. En esta modalidad cargamos todo lo necesario en nuestros kayaks: alimentos, ropa, equipo y bebidas. Despu\u00e9s de remar, unimos fuerzas y, entre todas y todos, montamos el campamento, armamos la cocina y preparamos deliciosos platillos locales. Mira las experiencias excursi\u00f3n En nuestro modo excursi\u00f3n, cada [&hellip;]<\/p>\n","protected":false},"author":1,"featured_media":0,"parent":0,"menu_order":0,"comment_status":"closed","ping_status":"closed","template":"","meta":{"_acf_changed":false,"footnotes":""},"class_list":["post-478","page","type-page","status-publish","hentry"],"acf":[],"yoast_head":"<!-- This site is optimized with the Yoast SEO plugin v27.5 - https:\/\/yoast.com\/product\/yoast-seo-wordpress\/ -->\n<title>Expedici\u00f3n o excursi\u00f3n - Indomito<\/title>\n<meta name=\"robots\" content=\"index, follow, max-snippet:-1, max-image-preview:large, max-video-preview:-1\" \/>\n<link rel=\"canonical\" href=\"https:\/\/www.indomito360.com\/en\/expedicion-o-excursion\/\" \/>\n<meta property=\"og:locale\" content=\"en_US\" \/>\n<meta property=\"og:type\" content=\"article\" \/>\n<meta property=\"og:title\" content=\"Expedici\u00f3n o excursi\u00f3n - Indomito\" \/>\n<meta property=\"og:description\" content=\"\u00bfExpedici\u00f3n o excursi\u00f3n? Expedici\u00f3n El modo expedici\u00f3n es aventura pura. En esta modalidad cargamos todo lo necesario en nuestros kayaks: alimentos, ropa, equipo y bebidas. Despu\u00e9s de remar, unimos fuerzas y, entre todas y todos, montamos el campamento, armamos la cocina y preparamos deliciosos platillos locales. Mira las experiencias excursi\u00f3n En nuestro modo excursi\u00f3n, cada [&hellip;]\" \/>\n<meta property=\"og:url\" content=\"https:\/\/www.indomito360.com\/en\/expedicion-o-excursion\/\" \/>\n<meta property=\"og:site_name\" content=\"Indomito\" \/>\n<meta property=\"article:modified_time\" content=\"2025-04-20T16:51:12+00:00\" \/>\n<meta property=\"og:image\" content=\"https:\/\/www.indomito360.com\/wp-content\/uploads\/2025\/04\/DSC08023-scaled.jpg\" \/>\n<meta name=\"twitter:card\" content=\"summary_large_image\" \/>\n<meta name=\"twitter:label1\" content=\"Est. reading time\" \/>\n\t<meta name=\"twitter:data1\" content=\"1 minute\" \/>\n<script type=\"application\/ld+json\" class=\"yoast-schema-graph\">{\"@context\":\"https:\\\/\\\/schema.org\",\"@graph\":[{\"@type\":\"WebPage\",\"@id\":\"https:\\\/\\\/www.indomito360.com\\\/expedicion-o-excursion\\\/\",\"url\":\"https:\\\/\\\/www.indomito360.com\\\/expedicion-o-excursion\\\/\",\"name\":\"Expedici\u00f3n o excursi\u00f3n - Indomito\",\"isPartOf\":{\"@id\":\"https:\\\/\\\/www.indomito360.com\\\/#website\"},\"primaryImageOfPage\":{\"@id\":\"https:\\\/\\\/www.indomito360.com\\\/expedicion-o-excursion\\\/#primaryimage\"},\"image\":{\"@id\":\"https:\\\/\\\/www.indomito360.com\\\/expedicion-o-excursion\\\/#primaryimage\"},\"thumbnailUrl\":\"https:\\\/\\\/www.indomito360.com\\\/wp-content\\\/uploads\\\/2025\\\/04\\\/DSC08023-scaled.jpg\",\"datePublished\":\"2024-10-12T02:09:41+00:00\",\"dateModified\":\"2025-04-20T16:51:12+00:00\",\"breadcrumb\":{\"@id\":\"https:\\\/\\\/www.indomito360.com\\\/expedicion-o-excursion\\\/#breadcrumb\"},\"inLanguage\":\"en-US\",\"potentialAction\":[{\"@type\":\"ReadAction\",\"target\":[\"https:\\\/\\\/www.indomito360.com\\\/expedicion-o-excursion\\\/\"]}]},{\"@type\":\"ImageObject\",\"inLanguage\":\"en-US\",\"@id\":\"https:\\\/\\\/www.indomito360.com\\\/expedicion-o-excursion\\\/#primaryimage\",\"url\":\"https:\\\/\\\/www.indomito360.com\\\/wp-content\\\/uploads\\\/2025\\\/04\\\/DSC08023-scaled.jpg\",\"contentUrl\":\"https:\\\/\\\/www.indomito360.com\\\/wp-content\\\/uploads\\\/2025\\\/04\\\/DSC08023-scaled.jpg\"},{\"@type\":\"BreadcrumbList\",\"@id\":\"https:\\\/\\\/www.indomito360.com\\\/expedicion-o-excursion\\\/#breadcrumb\",\"itemListElement\":[{\"@type\":\"ListItem\",\"position\":1,\"name\":\"Inicio\",\"item\":\"https:\\\/\\\/www.indomito360.com\\\/\"},{\"@type\":\"ListItem\",\"position\":2,\"name\":\"Expedici\u00f3n o excursi\u00f3n\"}]},{\"@type\":\"WebSite\",\"@id\":\"https:\\\/\\\/www.indomito360.com\\\/#website\",\"url\":\"https:\\\/\\\/www.indomito360.com\\\/\",\"name\":\"Indomito\",\"description\":\"Embrace Adventure\",\"publisher\":{\"@id\":\"https:\\\/\\\/www.indomito360.com\\\/#organization\"},\"potentialAction\":[{\"@type\":\"SearchAction\",\"target\":{\"@type\":\"EntryPoint\",\"urlTemplate\":\"https:\\\/\\\/www.indomito360.com\\\/?s={search_term_string}\"},\"query-input\":{\"@type\":\"PropertyValueSpecification\",\"valueRequired\":true,\"valueName\":\"search_term_string\"}}],\"inLanguage\":\"en-US\"},{\"@type\":\"Organization\",\"@id\":\"https:\\\/\\\/www.indomito360.com\\\/#organization\",\"name\":\"Indomito\",\"url\":\"https:\\\/\\\/www.indomito360.com\\\/\",\"logo\":{\"@type\":\"ImageObject\",\"inLanguage\":\"en-US\",\"@id\":\"https:\\\/\\\/www.indomito360.com\\\/#\\\/schema\\\/logo\\\/image\\\/\",\"url\":\"https:\\\/\\\/www.indomito360.com\\\/wp-content\\\/uploads\\\/2025\\\/10\\\/organization-logo-256.png\",\"contentUrl\":\"https:\\\/\\\/www.indomito360.com\\\/wp-content\\\/uploads\\\/2025\\\/10\\\/organization-logo-256.png\",\"width\":256,\"height\":256,\"caption\":\"Indomito\"},\"image\":{\"@id\":\"https:\\\/\\\/www.indomito360.com\\\/#\\\/schema\\\/logo\\\/image\\\/\"}}]}<\/script>\n<!-- \/ Yoast SEO plugin. -->","yoast_head_json":{"title":"Expedici\u00f3n o excursi\u00f3n - Indomito","robots":{"index":"index","follow":"follow","max-snippet":"max-snippet:-1","max-image-preview":"max-image-preview:large","max-video-preview":"max-video-preview:-1"},"canonical":"https:\/\/www.indomito360.com\/en\/expedicion-o-excursion\/","og_locale":"en_US","og_type":"article","og_title":"Expedici\u00f3n o excursi\u00f3n - Indomito","og_description":"\u00bfExpedici\u00f3n o excursi\u00f3n? Expedici\u00f3n El modo expedici\u00f3n es aventura pura. En esta modalidad cargamos todo lo necesario en nuestros kayaks: alimentos, ropa, equipo y bebidas. Despu\u00e9s de remar, unimos fuerzas y, entre todas y todos, montamos el campamento, armamos la cocina y preparamos deliciosos platillos locales. Mira las experiencias excursi\u00f3n En nuestro modo excursi\u00f3n, cada [&hellip;]","og_url":"https:\/\/www.indomito360.com\/en\/expedicion-o-excursion\/","og_site_name":"Indomito","article_modified_time":"2025-04-20T16:51:12+00:00","og_image":[{"url":"https:\/\/www.indomito360.com\/wp-content\/uploads\/2025\/04\/DSC08023-scaled.jpg","type":"","width":"","height":""}],"twitter_card":"summary_large_image","twitter_misc":{"Est. reading time":"1 minute"},"schema":{"@context":"https:\/\/schema.org","@graph":[{"@type":"WebPage","@id":"https:\/\/www.indomito360.com\/expedicion-o-excursion\/","url":"https:\/\/www.indomito360.com\/expedicion-o-excursion\/","name":"Expedici\u00f3n o excursi\u00f3n - Indomito","isPartOf":{"@id":"https:\/\/www.indomito360.com\/#website"},"primaryImageOfPage":{"@id":"https:\/\/www.indomito360.com\/expedicion-o-excursion\/#primaryimage"},"image":{"@id":"https:\/\/www.indomito360.com\/expedicion-o-excursion\/#primaryimage"},"thumbnailUrl":"https:\/\/www.indomito360.com\/wp-content\/uploads\/2025\/04\/DSC08023-scaled.jpg","datePublished":"2024-10-12T02:09:41+00:00","dateModified":"2025-04-20T16:51:12+00:00","breadcrumb":{"@id":"https:\/\/www.indomito360.com\/expedicion-o-excursion\/#breadcrumb"},"inLanguage":"en-US","potentialAction":[{"@type":"ReadAction","target":["https:\/\/www.indomito360.com\/expedicion-o-excursion\/"]}]},{"@type":"ImageObject","inLanguage":"en-US","@id":"https:\/\/www.indomito360.com\/expedicion-o-excursion\/#primaryimage","url":"https:\/\/www.indomito360.com\/wp-content\/uploads\/2025\/04\/DSC08023-scaled.jpg","contentUrl":"https:\/\/www.indomito360.com\/wp-content\/uploads\/2025\/04\/DSC08023-scaled.jpg"},{"@type":"BreadcrumbList","@id":"https:\/\/www.indomito360.com\/expedicion-o-excursion\/#breadcrumb","itemListElement":[{"@type":"ListItem","position":1,"name":"Inicio","item":"https:\/\/www.indomito360.com\/"},{"@type":"ListItem","position":2,"name":"Expedici\u00f3n o excursi\u00f3n"}]},{"@type":"WebSite","@id":"https:\/\/www.indomito360.com\/#website","url":"https:\/\/www.indomito360.com\/","name":"Indomito","description":"Embrace Adventure","publisher":{"@id":"https:\/\/www.indomito360.com\/#organization"},"potentialAction":[{"@type":"SearchAction","target":{"@type":"EntryPoint","urlTemplate":"https:\/\/www.indomito360.com\/?s={search_term_string}"},"query-input":{"@type":"PropertyValueSpecification","valueRequired":true,"valueName":"search_term_string"}}],"inLanguage":"en-US"},{"@type":"Organization","@id":"https:\/\/www.indomito360.com\/#organization","name":"Indomito","url":"https:\/\/www.indomito360.com\/","logo":{"@type":"ImageObject","inLanguage":"en-US","@id":"https:\/\/www.indomito360.com\/#\/schema\/logo\/image\/","url":"https:\/\/www.indomito360.com\/wp-content\/uploads\/2025\/10\/organization-logo-256.png","contentUrl":"https:\/\/www.indomito360.com\/wp-content\/uploads\/2025\/10\/organization-logo-256.png","width":256,"height":256,"caption":"Indomito"},"image":{"@id":"https:\/\/www.indomito360.com\/#\/schema\/logo\/image\/"}}]}},"_hostinger_reach_plugin_has_subscription_block":false,"_hostinger_reach_plugin_is_elementor":false,"_links":{"self":[{"href":"https:\/\/www.indomito360.com\/en\/wp-json\/wp\/v2\/pages\/478","targetHints":{"allow":["GET"]}}],"collection":[{"href":"https:\/\/www.indomito360.com\/en\/wp-json\/wp\/v2\/pages"}],"about":[{"href":"https:\/\/www.indomito360.com\/en\/wp-json\/wp\/v2\/types\/page"}],"author":[{"embeddable":true,"href":"https:\/\/www.indomito360.com\/en\/wp-json\/wp\/v2\/users\/1"}],"replies":[{"embeddable":true,"href":"https:\/\/www.indomito360.com\/en\/wp-json\/wp\/v2\/comments?post=478"}],"version-history":[{"count":0,"href":"https:\/\/www.indomito360.com\/en\/wp-json\/wp\/v2\/pages\/478\/revisions"}],"wp:attachment":[{"href":"https:\/\/www.indomito360.com\/en\/wp-json\/wp\/v2\/media?parent=478"}],"curies":[{"name":"wp","href":"https:\/\/api.w.org\/{rel}","templated":true}]}}