{"id":66,"date":"2024-09-26T19:14:07","date_gmt":"2024-09-26T19:14:07","guid":{"rendered":"https:\/\/www.indomito360.com\/?page_id=66"},"modified":"2026-02-10T10:14:19","modified_gmt":"2026-02-10T16:14:19","slug":"contacto","status":"publish","type":"page","link":"https:\/\/www.indomito360.com\/en\/contacto\/","title":{"rendered":"Contact Us"},"content":{"rendered":"<div data-elementor-type=\"wp-page\" data-elementor-id=\"66\" class=\"elementor elementor-66\" data-elementor-post-type=\"page\">\n\t\t\t\t<div class=\"elementor-element elementor-element-1a20e67 e-flex e-con-boxed e-con e-parent\" data-id=\"1a20e67\" data-element_type=\"container\" data-e-type=\"container\" data-settings=\"{&quot;background_background&quot;:&quot;classic&quot;}\">\n\t\t\t\t\t<div class=\"e-con-inner\">\n\t\t\t\t<div class=\"elementor-element elementor-element-46f8819 elementor-widget elementor-widget-heading\" data-id=\"46f8819\" data-element_type=\"widget\" data-e-type=\"widget\" data-widget_type=\"heading.default\">\n\t\t\t\t<div class=\"elementor-widget-container\">\n\t\t\t\t\t<h2 class=\"elementor-heading-title elementor-size-default\">Contact us<\/h2>\t\t\t\t<\/div>\n\t\t\t\t<\/div>\n\t\t\t\t\t<\/div>\n\t\t\t\t<\/div>\n\t\t<div class=\"elementor-element elementor-element-4697211 e-flex e-con-boxed e-con e-parent\" data-id=\"4697211\" data-element_type=\"container\" data-e-type=\"container\" data-settings=\"{&quot;background_background&quot;:&quot;classic&quot;}\">\n\t\t\t\t\t<div class=\"e-con-inner\">\n\t\t<div class=\"elementor-element elementor-element-5144ba0 e-con-full e-flex e-con e-child\" data-id=\"5144ba0\" data-element_type=\"container\" data-e-type=\"container\">\n\t\t\t\t<div class=\"elementor-element elementor-element-c9f1091 elementor-widget elementor-widget-text-editor\" data-id=\"c9f1091\" data-element_type=\"widget\" data-e-type=\"widget\" data-widget_type=\"text-editor.default\">\n\t\t\t\t<div class=\"elementor-widget-container\">\n\t\t\t\t\t\t\t\t\t<p>If you want to request an experience, please fill out the form and we will contact you soon.<\/p>\t\t\t\t\t\t\t\t<\/div>\n\t\t\t\t<\/div>\n\t\t\t\t<div class=\"elementor-element elementor-element-b6abc43 elementor-align-justify elementor-widget elementor-widget-button\" data-id=\"b6abc43\" data-element_type=\"widget\" data-e-type=\"widget\" data-widget_type=\"button.default\">\n\t\t\t\t<div class=\"elementor-widget-container\">\n\t\t\t\t\t\t\t\t\t<div class=\"elementor-button-wrapper\">\n\t\t\t\t\t<a class=\"elementor-button elementor-button-link elementor-size-sm\" href=\"\/en\/encuentra-tu-experiencia\/\">\n\t\t\t\t\t\t<span class=\"elementor-button-content-wrapper\">\n\t\t\t\t\t\t\t\t\t<span class=\"elementor-button-text\">Request an Experience<\/span>\n\t\t\t\t\t<\/span>\n\t\t\t\t\t<\/a>\n\t\t\t\t<\/div>\n\t\t\t\t\t\t\t\t<\/div>\n\t\t\t\t<\/div>\n\t\t\t\t<div class=\"elementor-element elementor-element-aaf7474 elementor-widget elementor-widget-text-editor\" data-id=\"aaf7474\" data-element_type=\"widget\" data-e-type=\"widget\" data-widget_type=\"text-editor.default\">\n\t\t\t\t<div class=\"elementor-widget-container\">\n\t\t\t\t\t\t\t\t\t<p>For any questions or inquiries, please email us at <a href=\"mailto:bookings@indomito360.com\">bookings@indomito360.com<\/a> or message us on WhatsApp.<\/p>\t\t\t\t\t\t\t\t<\/div>\n\t\t\t\t<\/div>\n\t\t\t\t<div class=\"elementor-element elementor-element-a8acaca elementor-align-justify elementor-widget elementor-widget-button\" data-id=\"a8acaca\" data-element_type=\"widget\" data-e-type=\"widget\" data-widget_type=\"button.default\">\n\t\t\t\t<div class=\"elementor-widget-container\">\n\t\t\t\t\t\t\t\t\t<div class=\"elementor-button-wrapper\">\n\t\t\t\t\t<a class=\"elementor-button elementor-button-link elementor-size-sm\" href=\"https:\/\/wa.me\/526121416253\">\n\t\t\t\t\t\t<span class=\"elementor-button-content-wrapper\">\n\t\t\t\t\t\t<span class=\"elementor-button-icon\">\n\t\t\t\t<svg aria-hidden=\"true\" class=\"e-font-icon-svg e-fab-whatsapp\" viewbox=\"0 0 448 512\" xmlns=\"http:\/\/www.w3.org\/2000\/svg\"><path d=\"M380.9 97.1C339 55.1 283.2 32 223.9 32c-122.4 0-222 99.6-222 222 0 39.1 10.2 77.3 29.6 111L0 480l117.7-30.9c32.4 17.7 68.9 27 106.1 27h.1c122.3 0 224.1-99.6 224.1-222 0-59.3-25.2-115-67.1-157zm-157 341.6c-33.2 0-65.7-8.9-94-25.7l-6.7-4-69.8 18.3L72 359.2l-4.4-7c-18.5-29.4-28.2-63.3-28.2-98.2 0-101.7 82.8-184.5 184.6-184.5 49.3 0 95.6 19.2 130.4 54.1 34.8 34.9 56.2 81.2 56.1 130.5 0 101.8-84.9 184.6-186.6 184.6zm101.2-138.2c-5.5-2.8-32.8-16.2-37.9-18-5.1-1.9-8.8-2.8-12.5 2.8-3.7 5.6-14.3 18-17.6 21.8-3.2 3.7-6.5 4.2-12 1.4-32.6-16.3-54-29.1-75.5-66-5.7-9.8 5.7-9.1 16.3-30.3 1.8-3.7.9-6.9-.5-9.7-1.4-2.8-12.5-30.1-17.1-41.2-4.5-10.8-9.1-9.3-12.5-9.5-3.2-.2-6.9-.2-10.6-.2-3.7 0-9.7 1.4-14.8 6.9-5.1 5.6-19.4 19-19.4 46.3 0 27.3 19.9 53.7 22.6 57.4 2.8 3.7 39.1 59.7 94.8 83.8 35.2 15.2 49 16.5 66.6 13.9 10.7-1.6 32.8-13.4 37.4-26.4 4.6-13 4.6-24.1 3.2-26.4-1.3-2.5-5-3.9-10.5-6.6z\"><\/path><\/svg>\t\t\t<\/span>\n\t\t\t\t\t\t\t\t\t<span class=\"elementor-button-text\">Whatsapp<\/span>\n\t\t\t\t\t<\/span>\n\t\t\t\t\t<\/a>\n\t\t\t\t<\/div>\n\t\t\t\t\t\t\t\t<\/div>\n\t\t\t\t<\/div>\n\t\t\t\t<\/div>\n\t\t<div class=\"elementor-element elementor-element-9d97411 e-con-full e-flex e-con e-child\" data-id=\"9d97411\" data-element_type=\"container\" data-e-type=\"container\">\n\t\t<div class=\"elementor-element elementor-element-07b2b11 e-con-full e-flex e-con e-child\" data-id=\"07b2b11\" data-element_type=\"container\" data-e-type=\"container\">\n\t\t<div class=\"elementor-element elementor-element-1653541 e-con-full e-flex e-con e-child\" data-id=\"1653541\" data-element_type=\"container\" data-e-type=\"container\">\n\t\t<div class=\"elementor-element elementor-element-7ec3f0d e-con-full e-flex e-con e-child\" data-id=\"7ec3f0d\" data-element_type=\"container\" data-e-type=\"container\">\n\t\t\t\t<div class=\"elementor-element elementor-element-1c9aeac elementor-widget elementor-widget-heading\" data-id=\"1c9aeac\" data-element_type=\"widget\" data-e-type=\"widget\" data-widget_type=\"heading.default\">\n\t\t\t\t<div class=\"elementor-widget-container\">\n\t\t\t\t\t<h3 class=\"elementor-heading-title elementor-size-default\">Address<\/h3>\t\t\t\t<\/div>\n\t\t\t\t<\/div>\n\t\t\t\t<div class=\"elementor-element elementor-element-d668f36 elementor-widget-divider--view-line elementor-widget elementor-widget-divider\" data-id=\"d668f36\" data-element_type=\"widget\" data-e-type=\"widget\" data-widget_type=\"divider.default\">\n\t\t\t\t<div class=\"elementor-widget-container\">\n\t\t\t\t\t\t\t<div class=\"elementor-divider\">\n\t\t\t<span class=\"elementor-divider-separator\">\n\t\t\t\t\t\t<\/span>\n\t\t<\/div>\n\t\t\t\t\t\t<\/div>\n\t\t\t\t<\/div>\n\t\t\t\t<div class=\"elementor-element elementor-element-7948296 elementor-widget elementor-widget-text-editor\" data-id=\"7948296\" data-element_type=\"widget\" data-e-type=\"widget\" data-widget_type=\"text-editor.default\">\n\t\t\t\t<div class=\"elementor-widget-container\">\n\t\t\t\t\t\t\t\t\t<p>Carretera a Pichilingue Km 1, Col. Colina del Sol, La Paz, Baja California Sur, M\u00e9xico.<\/p>\t\t\t\t\t\t\t\t<\/div>\n\t\t\t\t<\/div>\n\t\t\t\t<\/div>\n\t\t<div class=\"elementor-element elementor-element-0482596 e-con-full e-flex e-con e-child\" data-id=\"0482596\" data-element_type=\"container\" data-e-type=\"container\">\n\t\t\t\t<div class=\"elementor-element elementor-element-ec3e46f elementor-widget elementor-widget-heading\" data-id=\"ec3e46f\" data-element_type=\"widget\" data-e-type=\"widget\" data-widget_type=\"heading.default\">\n\t\t\t\t<div class=\"elementor-widget-container\">\n\t\t\t\t\t<h3 class=\"elementor-heading-title elementor-size-default\">Office Hours<\/h3>\t\t\t\t<\/div>\n\t\t\t\t<\/div>\n\t\t\t\t<div class=\"elementor-element elementor-element-0372b5d elementor-widget-divider--view-line elementor-widget elementor-widget-divider\" data-id=\"0372b5d\" data-element_type=\"widget\" data-e-type=\"widget\" data-widget_type=\"divider.default\">\n\t\t\t\t<div class=\"elementor-widget-container\">\n\t\t\t\t\t\t\t<div class=\"elementor-divider\">\n\t\t\t<span class=\"elementor-divider-separator\">\n\t\t\t\t\t\t<\/span>\n\t\t<\/div>\n\t\t\t\t\t\t<\/div>\n\t\t\t\t<\/div>\n\t\t\t\t<div class=\"elementor-element elementor-element-766a613 elementor-widget elementor-widget-text-editor\" data-id=\"766a613\" data-element_type=\"widget\" data-e-type=\"widget\" data-widget_type=\"text-editor.default\">\n\t\t\t\t<div class=\"elementor-widget-container\">\n\t\t\t\t\t\t\t\t\t<p>Monday  to Sunday: <br> 8 am - 4 pm<\/p>\t\t\t\t\t\t\t\t<\/div>\n\t\t\t\t<\/div>\n\t\t\t\t<\/div>\n\t\t\t\t<\/div>\n\t\t<div class=\"elementor-element elementor-element-969d18e e-con-full e-flex e-con e-child\" data-id=\"969d18e\" data-element_type=\"container\" data-e-type=\"container\">\n\t\t<div class=\"elementor-element elementor-element-bb91afe e-con-full e-flex e-con e-child\" data-id=\"bb91afe\" data-element_type=\"container\" data-e-type=\"container\">\n\t\t\t\t<div class=\"elementor-element elementor-element-e0efd8d elementor-widget elementor-widget-heading\" data-id=\"e0efd8d\" data-element_type=\"widget\" data-e-type=\"widget\" data-widget_type=\"heading.default\">\n\t\t\t\t<div class=\"elementor-widget-container\">\n\t\t\t\t\t<h3 class=\"elementor-heading-title elementor-size-default\">Whatsapp<\/h3>\t\t\t\t<\/div>\n\t\t\t\t<\/div>\n\t\t\t\t<div class=\"elementor-element elementor-element-78d55c4 elementor-widget-divider--view-line elementor-widget elementor-widget-divider\" data-id=\"78d55c4\" data-element_type=\"widget\" data-e-type=\"widget\" data-widget_type=\"divider.default\">\n\t\t\t\t<div class=\"elementor-widget-container\">\n\t\t\t\t\t\t\t<div class=\"elementor-divider\">\n\t\t\t<span class=\"elementor-divider-separator\">\n\t\t\t\t\t\t<\/span>\n\t\t<\/div>\n\t\t\t\t\t\t<\/div>\n\t\t\t\t<\/div>\n\t\t\t\t<div class=\"elementor-element elementor-element-c65496b elementor-widget elementor-widget-text-editor\" data-id=\"c65496b\" data-element_type=\"widget\" data-e-type=\"widget\" data-widget_type=\"text-editor.default\">\n\t\t\t\t<div class=\"elementor-widget-container\">\n\t\t\t\t\t\t\t\t\t<p><a href=\"https:\/\/wa.me\/526121416253\"><span style=\"font-weight: 400;\">+52 612 141 6253<\/span><\/a><\/p>\t\t\t\t\t\t\t\t<\/div>\n\t\t\t\t<\/div>\n\t\t\t\t<\/div>\n\t\t<div class=\"elementor-element elementor-element-157d04c e-con-full e-flex e-con e-child\" data-id=\"157d04c\" data-element_type=\"container\" data-e-type=\"container\">\n\t\t\t\t<div class=\"elementor-element elementor-element-1ab364f elementor-widget elementor-widget-heading\" data-id=\"1ab364f\" data-element_type=\"widget\" data-e-type=\"widget\" data-widget_type=\"heading.default\">\n\t\t\t\t<div class=\"elementor-widget-container\">\n\t\t\t\t\t<h3 class=\"elementor-heading-title elementor-size-default\">Phone number<\/h3>\t\t\t\t<\/div>\n\t\t\t\t<\/div>\n\t\t\t\t<div class=\"elementor-element elementor-element-f782a5f elementor-widget-divider--view-line elementor-widget elementor-widget-divider\" data-id=\"f782a5f\" data-element_type=\"widget\" data-e-type=\"widget\" data-widget_type=\"divider.default\">\n\t\t\t\t<div class=\"elementor-widget-container\">\n\t\t\t\t\t\t\t<div class=\"elementor-divider\">\n\t\t\t<span class=\"elementor-divider-separator\">\n\t\t\t\t\t\t<\/span>\n\t\t<\/div>\n\t\t\t\t\t\t<\/div>\n\t\t\t\t<\/div>\n\t\t\t\t<div class=\"elementor-element elementor-element-eac1b80 elementor-widget elementor-widget-text-editor\" data-id=\"eac1b80\" data-element_type=\"widget\" data-e-type=\"widget\" data-widget_type=\"text-editor.default\">\n\t\t\t\t<div class=\"elementor-widget-container\">\n\t\t\t\t\t\t\t\t\t<p><a href=\"tel:526121255636\"><span style=\"font-weight: 400;\">+52 612 1255636<\/span><\/a><\/p>\t\t\t\t\t\t\t\t<\/div>\n\t\t\t\t<\/div>\n\t\t\t\t<\/div>\n\t\t\t\t<\/div>\n\t\t\t\t<\/div>\n\t\t\t\t<\/div>\n\t\t\t\t\t<\/div>\n\t\t\t\t<\/div>\n\t\t\t\t<\/div>","protected":false},"excerpt":{"rendered":"<p>Cont\u00e1ctanos Si quieres solicitar una experiencia, por favor, llena el formulario y pronto nos contactaremos contigo. Solicitar una Experiencia Para preguntas y dudas en general escr\u00edbenos al correo bookings@indomito360.com o escr\u00edbenos por WhatsApp. Whatsapp Direcci\u00f3n Carretera a Pichilingue Km 1, Col. Colina del Sol, La Paz, Baja California Sur, M\u00e9xico. Horarios Lunes a Domingo:\u00a0 \u00a0 [&hellip;]<\/p>\n","protected":false},"author":1,"featured_media":0,"parent":0,"menu_order":0,"comment_status":"closed","ping_status":"closed","template":"","meta":{"_acf_changed":false,"footnotes":""},"class_list":["post-66","page","type-page","status-publish","hentry"],"acf":[],"yoast_head":"<!-- This site is optimized with the Yoast SEO plugin v27.5 - https:\/\/yoast.com\/product\/yoast-seo-wordpress\/ -->\n<title>Contacto - Indomito<\/title>\n<meta name=\"robots\" content=\"index, follow, max-snippet:-1, max-image-preview:large, max-video-preview:-1\" \/>\n<link rel=\"canonical\" href=\"https:\/\/www.indomito360.com\/en\/contacto\/\" \/>\n<meta property=\"og:locale\" content=\"en_US\" \/>\n<meta property=\"og:type\" content=\"article\" \/>\n<meta property=\"og:title\" content=\"Contacto - Indomito\" \/>\n<meta property=\"og:description\" content=\"Cont\u00e1ctanos Si quieres solicitar una experiencia, por favor, llena el formulario y pronto nos contactaremos contigo. Solicitar una Experiencia Para preguntas y dudas en general escr\u00edbenos al correo bookings@indomito360.com o escr\u00edbenos por WhatsApp. Whatsapp Direcci\u00f3n Carretera a Pichilingue Km 1, Col. Colina del Sol, La Paz, Baja California Sur, M\u00e9xico. Horarios Lunes a Domingo:\u00a0 \u00a0 [&hellip;]\" \/>\n<meta property=\"og:url\" content=\"https:\/\/www.indomito360.com\/en\/contacto\/\" \/>\n<meta property=\"og:site_name\" content=\"Indomito\" \/>\n<meta property=\"article:modified_time\" content=\"2026-02-10T16:14:19+00:00\" \/>\n<meta property=\"og:image\" content=\"https:\/\/www.indomito360.com\/wp-content\/uploads\/2025\/10\/cropped-Brujula_Naranja-8.png\" \/>\n\t<meta property=\"og:image:width\" content=\"512\" \/>\n\t<meta property=\"og:image:height\" content=\"512\" \/>\n\t<meta property=\"og:image:type\" content=\"image\/png\" \/>\n<meta name=\"twitter:card\" content=\"summary_large_image\" \/>\n<meta name=\"twitter:label1\" content=\"Est. reading time\" \/>\n\t<meta name=\"twitter:data1\" content=\"1 minute\" \/>\n<script type=\"application\/ld+json\" class=\"yoast-schema-graph\">{\"@context\":\"https:\\\/\\\/schema.org\",\"@graph\":[{\"@type\":\"WebPage\",\"@id\":\"https:\\\/\\\/www.indomito360.com\\\/contacto\\\/\",\"url\":\"https:\\\/\\\/www.indomito360.com\\\/contacto\\\/\",\"name\":\"Contacto - Indomito\",\"isPartOf\":{\"@id\":\"https:\\\/\\\/www.indomito360.com\\\/#website\"},\"datePublished\":\"2024-09-26T19:14:07+00:00\",\"dateModified\":\"2026-02-10T16:14:19+00:00\",\"breadcrumb\":{\"@id\":\"https:\\\/\\\/www.indomito360.com\\\/contacto\\\/#breadcrumb\"},\"inLanguage\":\"en-US\",\"potentialAction\":[{\"@type\":\"ReadAction\",\"target\":[\"https:\\\/\\\/www.indomito360.com\\\/contacto\\\/\"]}]},{\"@type\":\"BreadcrumbList\",\"@id\":\"https:\\\/\\\/www.indomito360.com\\\/contacto\\\/#breadcrumb\",\"itemListElement\":[{\"@type\":\"ListItem\",\"position\":1,\"name\":\"Inicio\",\"item\":\"https:\\\/\\\/www.indomito360.com\\\/\"},{\"@type\":\"ListItem\",\"position\":2,\"name\":\"Contacto\"}]},{\"@type\":\"WebSite\",\"@id\":\"https:\\\/\\\/www.indomito360.com\\\/#website\",\"url\":\"https:\\\/\\\/www.indomito360.com\\\/\",\"name\":\"Indomito\",\"description\":\"Embrace Adventure\",\"publisher\":{\"@id\":\"https:\\\/\\\/www.indomito360.com\\\/#organization\"},\"potentialAction\":[{\"@type\":\"SearchAction\",\"target\":{\"@type\":\"EntryPoint\",\"urlTemplate\":\"https:\\\/\\\/www.indomito360.com\\\/?s={search_term_string}\"},\"query-input\":{\"@type\":\"PropertyValueSpecification\",\"valueRequired\":true,\"valueName\":\"search_term_string\"}}],\"inLanguage\":\"en-US\"},{\"@type\":\"Organization\",\"@id\":\"https:\\\/\\\/www.indomito360.com\\\/#organization\",\"name\":\"Indomito\",\"url\":\"https:\\\/\\\/www.indomito360.com\\\/\",\"logo\":{\"@type\":\"ImageObject\",\"inLanguage\":\"en-US\",\"@id\":\"https:\\\/\\\/www.indomito360.com\\\/#\\\/schema\\\/logo\\\/image\\\/\",\"url\":\"https:\\\/\\\/www.indomito360.com\\\/wp-content\\\/uploads\\\/2025\\\/10\\\/organization-logo-256.png\",\"contentUrl\":\"https:\\\/\\\/www.indomito360.com\\\/wp-content\\\/uploads\\\/2025\\\/10\\\/organization-logo-256.png\",\"width\":256,\"height\":256,\"caption\":\"Indomito\"},\"image\":{\"@id\":\"https:\\\/\\\/www.indomito360.com\\\/#\\\/schema\\\/logo\\\/image\\\/\"}}]}<\/script>\n<!-- \/ Yoast SEO plugin. -->","yoast_head_json":{"title":"Contacto - Indomito","robots":{"index":"index","follow":"follow","max-snippet":"max-snippet:-1","max-image-preview":"max-image-preview:large","max-video-preview":"max-video-preview:-1"},"canonical":"https:\/\/www.indomito360.com\/en\/contacto\/","og_locale":"en_US","og_type":"article","og_title":"Contacto - Indomito","og_description":"Cont\u00e1ctanos Si quieres solicitar una experiencia, por favor, llena el formulario y pronto nos contactaremos contigo. Solicitar una Experiencia Para preguntas y dudas en general escr\u00edbenos al correo bookings@indomito360.com o escr\u00edbenos por WhatsApp. Whatsapp Direcci\u00f3n Carretera a Pichilingue Km 1, Col. Colina del Sol, La Paz, Baja California Sur, M\u00e9xico. Horarios Lunes a Domingo:\u00a0 \u00a0 [&hellip;]","og_url":"https:\/\/www.indomito360.com\/en\/contacto\/","og_site_name":"Indomito","article_modified_time":"2026-02-10T16:14:19+00:00","og_image":[{"width":512,"height":512,"url":"https:\/\/www.indomito360.com\/wp-content\/uploads\/2025\/10\/cropped-Brujula_Naranja-8.png","type":"image\/png"}],"twitter_card":"summary_large_image","twitter_misc":{"Est. reading time":"1 minute"},"schema":{"@context":"https:\/\/schema.org","@graph":[{"@type":"WebPage","@id":"https:\/\/www.indomito360.com\/contacto\/","url":"https:\/\/www.indomito360.com\/contacto\/","name":"Contacto - Indomito","isPartOf":{"@id":"https:\/\/www.indomito360.com\/#website"},"datePublished":"2024-09-26T19:14:07+00:00","dateModified":"2026-02-10T16:14:19+00:00","breadcrumb":{"@id":"https:\/\/www.indomito360.com\/contacto\/#breadcrumb"},"inLanguage":"en-US","potentialAction":[{"@type":"ReadAction","target":["https:\/\/www.indomito360.com\/contacto\/"]}]},{"@type":"BreadcrumbList","@id":"https:\/\/www.indomito360.com\/contacto\/#breadcrumb","itemListElement":[{"@type":"ListItem","position":1,"name":"Inicio","item":"https:\/\/www.indomito360.com\/"},{"@type":"ListItem","position":2,"name":"Contacto"}]},{"@type":"WebSite","@id":"https:\/\/www.indomito360.com\/#website","url":"https:\/\/www.indomito360.com\/","name":"Indomito","description":"Embrace Adventure","publisher":{"@id":"https:\/\/www.indomito360.com\/#organization"},"potentialAction":[{"@type":"SearchAction","target":{"@type":"EntryPoint","urlTemplate":"https:\/\/www.indomito360.com\/?s={search_term_string}"},"query-input":{"@type":"PropertyValueSpecification","valueRequired":true,"valueName":"search_term_string"}}],"inLanguage":"en-US"},{"@type":"Organization","@id":"https:\/\/www.indomito360.com\/#organization","name":"Indomito","url":"https:\/\/www.indomito360.com\/","logo":{"@type":"ImageObject","inLanguage":"en-US","@id":"https:\/\/www.indomito360.com\/#\/schema\/logo\/image\/","url":"https:\/\/www.indomito360.com\/wp-content\/uploads\/2025\/10\/organization-logo-256.png","contentUrl":"https:\/\/www.indomito360.com\/wp-content\/uploads\/2025\/10\/organization-logo-256.png","width":256,"height":256,"caption":"Indomito"},"image":{"@id":"https:\/\/www.indomito360.com\/#\/schema\/logo\/image\/"}}]}},"_hostinger_reach_plugin_has_subscription_block":false,"_hostinger_reach_plugin_is_elementor":false,"_links":{"self":[{"href":"https:\/\/www.indomito360.com\/en\/wp-json\/wp\/v2\/pages\/66","targetHints":{"allow":["GET"]}}],"collection":[{"href":"https:\/\/www.indomito360.com\/en\/wp-json\/wp\/v2\/pages"}],"about":[{"href":"https:\/\/www.indomito360.com\/en\/wp-json\/wp\/v2\/types\/page"}],"author":[{"embeddable":true,"href":"https:\/\/www.indomito360.com\/en\/wp-json\/wp\/v2\/users\/1"}],"replies":[{"embeddable":true,"href":"https:\/\/www.indomito360.com\/en\/wp-json\/wp\/v2\/comments?post=66"}],"version-history":[{"count":3,"href":"https:\/\/www.indomito360.com\/en\/wp-json\/wp\/v2\/pages\/66\/revisions"}],"predecessor-version":[{"id":5044,"href":"https:\/\/www.indomito360.com\/en\/wp-json\/wp\/v2\/pages\/66\/revisions\/5044"}],"wp:attachment":[{"href":"https:\/\/www.indomito360.com\/en\/wp-json\/wp\/v2\/media?parent=66"}],"curies":[{"name":"wp","href":"https:\/\/api.w.org\/{rel}","templated":true}]}}