{"id":998,"date":"2024-11-05T12:28:16","date_gmt":"2024-11-05T12:28:16","guid":{"rendered":"https:\/\/www.indomito360.com\/?page_id=998"},"modified":"2025-01-03T23:08:21","modified_gmt":"2025-01-03T23:08:21","slug":"politicas-de-privacidad","status":"publish","type":"page","link":"https:\/\/www.indomito360.com\/en\/politicas-de-privacidad\/","title":{"rendered":"Privacy policies"},"content":{"rendered":"\t\t<div data-elementor-type=\"wp-page\" data-elementor-id=\"998\" class=\"elementor elementor-998\" data-elementor-post-type=\"page\">\n\t\t\t\t<div class=\"elementor-element elementor-element-1af429a e-flex e-con-boxed e-con e-parent\" data-id=\"1af429a\" data-element_type=\"container\" data-e-type=\"container\" data-settings=\"{&quot;background_background&quot;:&quot;classic&quot;,&quot;background_motion_fx_motion_fx_mouse&quot;:&quot;yes&quot;}\">\n\t\t\t\t\t<div class=\"e-con-inner\">\n\t\t<div class=\"elementor-element elementor-element-25d406b e-con-full e-flex e-con e-child\" data-id=\"25d406b\" data-element_type=\"container\" data-e-type=\"container\" data-settings=\"{&quot;background_background&quot;:&quot;classic&quot;,&quot;background_motion_fx_motion_fx_scrolling&quot;:&quot;yes&quot;,&quot;background_motion_fx_translateY_effect&quot;:&quot;yes&quot;,&quot;background_motion_fx_translateY_direction&quot;:&quot;negative&quot;,&quot;background_motion_fx_translateY_speed&quot;:{&quot;unit&quot;:&quot;px&quot;,&quot;size&quot;:5,&quot;sizes&quot;:[]},&quot;background_motion_fx_motion_fx_mouse&quot;:&quot;yes&quot;,&quot;background_motion_fx_translateY_affectedRange&quot;:{&quot;unit&quot;:&quot;%&quot;,&quot;size&quot;:&quot;&quot;,&quot;sizes&quot;:{&quot;start&quot;:0,&quot;end&quot;:100}},&quot;background_motion_fx_devices&quot;:[&quot;widescreen&quot;,&quot;desktop&quot;,&quot;tablet&quot;,&quot;mobile&quot;]}\">\n\t\t\t\t<div class=\"elementor-element elementor-element-73f40cb elementor-invisible elementor-widget elementor-widget-heading\" data-id=\"73f40cb\" data-element_type=\"widget\" data-e-type=\"widget\" data-settings=\"{&quot;_animation&quot;:&quot;slideInDown&quot;}\" data-widget_type=\"heading.default\">\n\t\t\t\t<div class=\"elementor-widget-container\">\n\t\t\t\t\t<h2 class=\"elementor-heading-title elementor-size-default\">Pol\u00edticas de privacidad<\/h2>\t\t\t\t<\/div>\n\t\t\t\t<\/div>\n\t\t\t\t<\/div>\n\t\t\t\t\t<\/div>\n\t\t\t\t<\/div>\n\t\t<div class=\"elementor-element elementor-element-e524b54 e-flex e-con-boxed e-con e-parent\" data-id=\"e524b54\" data-element_type=\"container\" data-e-type=\"container\" data-settings=\"{&quot;background_background&quot;:&quot;classic&quot;}\">\n\t\t\t\t\t<div class=\"e-con-inner\">\n\t\t\t\t<div class=\"elementor-element elementor-element-e9303e0 elementor-widget elementor-widget-heading\" data-id=\"e9303e0\" data-element_type=\"widget\" data-e-type=\"widget\" data-widget_type=\"heading.default\">\n\t\t\t\t<div class=\"elementor-widget-container\">\n\t\t\t\t\t<h2 class=\"elementor-heading-title elementor-size-default\">Pol\u00edticas de privacidad<\/h2>\t\t\t\t<\/div>\n\t\t\t\t<\/div>\n\t\t\t\t<div class=\"elementor-element elementor-element-70ebc0f elementor-widget elementor-widget-text-editor\" data-id=\"70ebc0f\" data-element_type=\"widget\" data-e-type=\"widget\" data-widget_type=\"text-editor.default\">\n\t\t\t\t<div class=\"elementor-widget-container\">\n\t\t\t\t\t\t\t\t\t<div><div>Lorem ipsum, dolor sit amet consectetur adipisicing elit. Officiis enim recusandae eligendi dolores. Beatae sit, debitis numquam minus fuga quis eligendi maxime commodi quam voluptas reiciendis libero. Sequi saepe, pariatur voluptas numquam officia, possimus nemo culpa voluptatem eaque nesciunt exercitationem iusto recusandae et eius omnis inventore quae enim cumque ratione.<\/div><\/div><div>\u00a0<\/div><div><div><div>Lorem ipsum, dolor sit amet consectetur adipisicing elit. Officiis enim recusandae eligendi dolores. Beatae sit, debitis numquam minus fuga quis eligendi maxime commodi quam voluptas reiciendis libero. Sequi saepe, pariatur voluptas numquam officia, possimus nemo culpa voluptatem eaque nesciunt exercitationem iusto recusandae et eius omnis inventore quae enim cumque ratione.<\/div><\/div><\/div><div>\u00a0<\/div><div><div><div>Lorem ipsum, dolor sit amet consectetur adipisicing elit. Officiis enim recusandae eligendi dolores. Beatae sit, debitis numquam minus fuga quis eligendi maxime commodi quam voluptas reiciendis libero. Sequi saepe, pariatur voluptas numquam officia, possimus nemo culpa voluptatem eaque nesciunt exercitationem iusto recusandae et eius omnis inventore quae enim cumque ratione.<\/div><\/div><\/div>\t\t\t\t\t\t\t\t<\/div>\n\t\t\t\t<\/div>\n\t\t\t\t\t<\/div>\n\t\t\t\t<\/div>\n\t\t\t\t<\/div>\n\t\t","protected":false},"excerpt":{"rendered":"<p>Pol\u00edticas de privacidad Pol\u00edticas de privacidad Lorem ipsum, dolor sit amet consectetur adipisicing elit. Officiis enim recusandae eligendi dolores. Beatae sit, debitis numquam minus fuga quis eligendi maxime commodi quam voluptas reiciendis libero. Sequi saepe, pariatur voluptas numquam officia, possimus nemo culpa voluptatem eaque nesciunt exercitationem iusto recusandae et eius omnis inventore quae enim cumque [&hellip;]<\/p>\n","protected":false},"author":1,"featured_media":0,"parent":0,"menu_order":0,"comment_status":"closed","ping_status":"closed","template":"","meta":{"_acf_changed":false,"footnotes":""},"class_list":["post-998","page","type-page","status-publish","hentry"],"acf":[],"yoast_head":"<!-- This site is optimized with the Yoast SEO plugin v27.5 - https:\/\/yoast.com\/product\/yoast-seo-wordpress\/ -->\n<title>Pol\u00edticas de privacidad - Indomito<\/title>\n<meta name=\"robots\" content=\"index, follow, max-snippet:-1, max-image-preview:large, max-video-preview:-1\" \/>\n<link rel=\"canonical\" href=\"https:\/\/www.indomito360.com\/en\/politicas-de-privacidad\/\" \/>\n<meta property=\"og:locale\" content=\"en_US\" \/>\n<meta property=\"og:type\" content=\"article\" \/>\n<meta property=\"og:title\" content=\"Pol\u00edticas de privacidad - Indomito\" \/>\n<meta property=\"og:description\" content=\"Pol\u00edticas de privacidad Pol\u00edticas de privacidad Lorem ipsum, dolor sit amet consectetur adipisicing elit. Officiis enim recusandae eligendi dolores. Beatae sit, debitis numquam minus fuga quis eligendi maxime commodi quam voluptas reiciendis libero. Sequi saepe, pariatur voluptas numquam officia, possimus nemo culpa voluptatem eaque nesciunt exercitationem iusto recusandae et eius omnis inventore quae enim cumque [&hellip;]\" \/>\n<meta property=\"og:url\" content=\"https:\/\/www.indomito360.com\/en\/politicas-de-privacidad\/\" \/>\n<meta property=\"og:site_name\" content=\"Indomito\" \/>\n<meta property=\"article:modified_time\" content=\"2025-01-03T23:08:21+00:00\" \/>\n<meta property=\"og:image\" content=\"https:\/\/www.indomito360.com\/wp-content\/uploads\/2025\/10\/cropped-Brujula_Naranja-8.png\" \/>\n\t<meta property=\"og:image:width\" content=\"512\" \/>\n\t<meta property=\"og:image:height\" content=\"512\" \/>\n\t<meta property=\"og:image:type\" content=\"image\/png\" \/>\n<meta name=\"twitter:card\" content=\"summary_large_image\" \/>\n<meta name=\"twitter:label1\" content=\"Est. reading time\" \/>\n\t<meta name=\"twitter:data1\" content=\"1 minute\" \/>\n<script type=\"application\/ld+json\" class=\"yoast-schema-graph\">{\"@context\":\"https:\\\/\\\/schema.org\",\"@graph\":[{\"@type\":\"WebPage\",\"@id\":\"https:\\\/\\\/www.indomito360.com\\\/politicas-de-privacidad\\\/\",\"url\":\"https:\\\/\\\/www.indomito360.com\\\/politicas-de-privacidad\\\/\",\"name\":\"Pol\u00edticas de privacidad - Indomito\",\"isPartOf\":{\"@id\":\"https:\\\/\\\/www.indomito360.com\\\/#website\"},\"datePublished\":\"2024-11-05T12:28:16+00:00\",\"dateModified\":\"2025-01-03T23:08:21+00:00\",\"breadcrumb\":{\"@id\":\"https:\\\/\\\/www.indomito360.com\\\/politicas-de-privacidad\\\/#breadcrumb\"},\"inLanguage\":\"en-US\",\"potentialAction\":[{\"@type\":\"ReadAction\",\"target\":[\"https:\\\/\\\/www.indomito360.com\\\/politicas-de-privacidad\\\/\"]}]},{\"@type\":\"BreadcrumbList\",\"@id\":\"https:\\\/\\\/www.indomito360.com\\\/politicas-de-privacidad\\\/#breadcrumb\",\"itemListElement\":[{\"@type\":\"ListItem\",\"position\":1,\"name\":\"Inicio\",\"item\":\"https:\\\/\\\/www.indomito360.com\\\/\"},{\"@type\":\"ListItem\",\"position\":2,\"name\":\"Pol\u00edticas de privacidad\"}]},{\"@type\":\"WebSite\",\"@id\":\"https:\\\/\\\/www.indomito360.com\\\/#website\",\"url\":\"https:\\\/\\\/www.indomito360.com\\\/\",\"name\":\"Indomito\",\"description\":\"Embrace Adventure\",\"publisher\":{\"@id\":\"https:\\\/\\\/www.indomito360.com\\\/#organization\"},\"potentialAction\":[{\"@type\":\"SearchAction\",\"target\":{\"@type\":\"EntryPoint\",\"urlTemplate\":\"https:\\\/\\\/www.indomito360.com\\\/?s={search_term_string}\"},\"query-input\":{\"@type\":\"PropertyValueSpecification\",\"valueRequired\":true,\"valueName\":\"search_term_string\"}}],\"inLanguage\":\"en-US\"},{\"@type\":\"Organization\",\"@id\":\"https:\\\/\\\/www.indomito360.com\\\/#organization\",\"name\":\"Indomito\",\"url\":\"https:\\\/\\\/www.indomito360.com\\\/\",\"logo\":{\"@type\":\"ImageObject\",\"inLanguage\":\"en-US\",\"@id\":\"https:\\\/\\\/www.indomito360.com\\\/#\\\/schema\\\/logo\\\/image\\\/\",\"url\":\"https:\\\/\\\/www.indomito360.com\\\/wp-content\\\/uploads\\\/2025\\\/10\\\/organization-logo-256.png\",\"contentUrl\":\"https:\\\/\\\/www.indomito360.com\\\/wp-content\\\/uploads\\\/2025\\\/10\\\/organization-logo-256.png\",\"width\":256,\"height\":256,\"caption\":\"Indomito\"},\"image\":{\"@id\":\"https:\\\/\\\/www.indomito360.com\\\/#\\\/schema\\\/logo\\\/image\\\/\"}}]}<\/script>\n<!-- \/ Yoast SEO plugin. -->","yoast_head_json":{"title":"Pol\u00edticas de privacidad - Indomito","robots":{"index":"index","follow":"follow","max-snippet":"max-snippet:-1","max-image-preview":"max-image-preview:large","max-video-preview":"max-video-preview:-1"},"canonical":"https:\/\/www.indomito360.com\/en\/politicas-de-privacidad\/","og_locale":"en_US","og_type":"article","og_title":"Pol\u00edticas de privacidad - Indomito","og_description":"Pol\u00edticas de privacidad Pol\u00edticas de privacidad Lorem ipsum, dolor sit amet consectetur adipisicing elit. Officiis enim recusandae eligendi dolores. Beatae sit, debitis numquam minus fuga quis eligendi maxime commodi quam voluptas reiciendis libero. Sequi saepe, pariatur voluptas numquam officia, possimus nemo culpa voluptatem eaque nesciunt exercitationem iusto recusandae et eius omnis inventore quae enim cumque [&hellip;]","og_url":"https:\/\/www.indomito360.com\/en\/politicas-de-privacidad\/","og_site_name":"Indomito","article_modified_time":"2025-01-03T23:08:21+00:00","og_image":[{"width":512,"height":512,"url":"https:\/\/www.indomito360.com\/wp-content\/uploads\/2025\/10\/cropped-Brujula_Naranja-8.png","type":"image\/png"}],"twitter_card":"summary_large_image","twitter_misc":{"Est. reading time":"1 minute"},"schema":{"@context":"https:\/\/schema.org","@graph":[{"@type":"WebPage","@id":"https:\/\/www.indomito360.com\/politicas-de-privacidad\/","url":"https:\/\/www.indomito360.com\/politicas-de-privacidad\/","name":"Pol\u00edticas de privacidad - Indomito","isPartOf":{"@id":"https:\/\/www.indomito360.com\/#website"},"datePublished":"2024-11-05T12:28:16+00:00","dateModified":"2025-01-03T23:08:21+00:00","breadcrumb":{"@id":"https:\/\/www.indomito360.com\/politicas-de-privacidad\/#breadcrumb"},"inLanguage":"en-US","potentialAction":[{"@type":"ReadAction","target":["https:\/\/www.indomito360.com\/politicas-de-privacidad\/"]}]},{"@type":"BreadcrumbList","@id":"https:\/\/www.indomito360.com\/politicas-de-privacidad\/#breadcrumb","itemListElement":[{"@type":"ListItem","position":1,"name":"Inicio","item":"https:\/\/www.indomito360.com\/"},{"@type":"ListItem","position":2,"name":"Pol\u00edticas de privacidad"}]},{"@type":"WebSite","@id":"https:\/\/www.indomito360.com\/#website","url":"https:\/\/www.indomito360.com\/","name":"Indomito","description":"Embrace Adventure","publisher":{"@id":"https:\/\/www.indomito360.com\/#organization"},"potentialAction":[{"@type":"SearchAction","target":{"@type":"EntryPoint","urlTemplate":"https:\/\/www.indomito360.com\/?s={search_term_string}"},"query-input":{"@type":"PropertyValueSpecification","valueRequired":true,"valueName":"search_term_string"}}],"inLanguage":"en-US"},{"@type":"Organization","@id":"https:\/\/www.indomito360.com\/#organization","name":"Indomito","url":"https:\/\/www.indomito360.com\/","logo":{"@type":"ImageObject","inLanguage":"en-US","@id":"https:\/\/www.indomito360.com\/#\/schema\/logo\/image\/","url":"https:\/\/www.indomito360.com\/wp-content\/uploads\/2025\/10\/organization-logo-256.png","contentUrl":"https:\/\/www.indomito360.com\/wp-content\/uploads\/2025\/10\/organization-logo-256.png","width":256,"height":256,"caption":"Indomito"},"image":{"@id":"https:\/\/www.indomito360.com\/#\/schema\/logo\/image\/"}}]}},"_hostinger_reach_plugin_has_subscription_block":false,"_hostinger_reach_plugin_is_elementor":false,"_links":{"self":[{"href":"https:\/\/www.indomito360.com\/en\/wp-json\/wp\/v2\/pages\/998","targetHints":{"allow":["GET"]}}],"collection":[{"href":"https:\/\/www.indomito360.com\/en\/wp-json\/wp\/v2\/pages"}],"about":[{"href":"https:\/\/www.indomito360.com\/en\/wp-json\/wp\/v2\/types\/page"}],"author":[{"embeddable":true,"href":"https:\/\/www.indomito360.com\/en\/wp-json\/wp\/v2\/users\/1"}],"replies":[{"embeddable":true,"href":"https:\/\/www.indomito360.com\/en\/wp-json\/wp\/v2\/comments?post=998"}],"version-history":[{"count":0,"href":"https:\/\/www.indomito360.com\/en\/wp-json\/wp\/v2\/pages\/998\/revisions"}],"wp:attachment":[{"href":"https:\/\/www.indomito360.com\/en\/wp-json\/wp\/v2\/media?parent=998"}],"curies":[{"name":"wp","href":"https:\/\/api.w.org\/{rel}","templated":true}]}}